{"id":821,"date":"2023-11-07T09:49:28","date_gmt":"2023-11-07T08:49:28","guid":{"rendered":"https:\/\/www.vavalabrocante-debarras-paris.fr\/?page_id=821"},"modified":"2023-11-07T09:58:47","modified_gmt":"2023-11-07T08:58:47","slug":"antiquaire-brocanteur-villabe","status":"publish","type":"page","link":"https:\/\/www.vavalabrocante-debarras-paris.fr\/index.php\/antiquaire-brocanteur-villabe\/","title":{"rendered":"Antiquaire-Brocanteur Villab\u00e9"},"content":{"rendered":"<h1 style=\"text-align: center;\"><strong>Antiquaire-Brocanteur Villab\u00e9<\/strong><\/h1>\n<p>&nbsp;<\/p>\n<p>La reconnaissance, l\u2019estimation et l\u2019achat des antiquit\u00e9s et des objets anciens sur le march\u00e9 sont \u00e0 la base du m\u00e9tier de brocanteur. L\u2019une des activit\u00e9s principales d\u2019un brocanteur est de fournir et de renouveler continuellement en objets anciens son stock. Nous recevons la visite r\u00e9guli\u00e8re d\u2019amateurs, de collectionneurs et de professionnels et l\u2019on se doit de leur offrir de nouvelles antiquit\u00e9s.<\/p>\n<h2>La reconnaissance des antiquit\u00e9s et leurs valeurs sur le march\u00e9 des antiquit\u00e9s<\/h2>\n<p>La confiance que nous porte ces clients professionnels et \u00e9clair\u00e9s est d\u00fb \u00e0 la justesse de nos estimations et des achats aux meilleurs prix d\u2019antiquit\u00e9s que l\u2019on nous propose \u00e0 l\u2019occasion de d\u00e9barras ou d\u2019achats en salles de vente par exemple.<\/p>\n<h2>La culture de l\u2019objet ancien<\/h2>\n<p>Le m\u00e9tier de brocanteur se fait par go\u00fbt des antiquit\u00e9s et des objets anciens de toute \u00e9poque jusqu\u2019au contemporain. Reconna\u00eetre un style, un fabricant, une facture d\u2019objet s\u2019\u00e9tudient au fur et \u00e0 mesure motiv\u00e9s par l\u2019envie de savoir.<\/p>\n<h3>L\u2019avis d\u2019un brocanteur lors d\u2019une succession, d\u2019un partage<\/h3>\n<p>Sur Villab\u00e9 (91) et ses environs nous sommes r\u00e9guli\u00e8rement consult\u00e9s dans ces circonstances en tant que brocanteur. Avoir un avis ext\u00e9rieur sans affect pour les objets, antiquit\u00e9s et \u0153uvres d\u2019art par un connaisseur sur la r\u00e9elle valeur du march\u00e9 d\u2019antiquit\u00e9s permet de facilit\u00e9 les partages notamment.<\/p>\n<h3>L\u2019authentification<\/h3>\n<p>Fr\u00e9quemment, des objets recherch\u00e9s ne sont pas sign\u00e9s ou la production de nouvelles s\u00e9ries sont import\u00e9es. Des d\u00e9tails sont r\u00e9v\u00e9lateurs pour un brocanteur averti dans authentification d\u2019une origine : l\u2019aspect g\u00e9n\u00e9ral, des traces d\u2019usures, la facture, les m\u00e9thodes de fabrication caract\u00e9ristiques de fabricants r\u00e9put\u00e9s\u2026 Un brocanteur avis\u00e9 fera tr\u00e8s vite la distinction, en cas de doute nous faisons appel \u00e0 un expert.<\/p>\n<h4>Les d\u00e9barras une activit\u00e9 fr\u00e9quente de Vava La brocante \u00e0 Villab\u00e9 91 et en Essonne<\/h4>\n<p>Les d\u00e9barras de maisons et d\u2019appartements dans le d\u00e9partement de l\u2019Essonne et ses environs sont pour notre m\u00e9tier de brocanteur une source importante pour alimenter notre stock. Nous sommes \u00e9quip\u00e9s en cons\u00e9quence et nous pouvons tr\u00e8s rapidement d\u00e9barrasser une maison ou un appartement.<\/p>\n<h4>Les villes et alentours de l\u2019Essonne 91 o\u00f9 nous nous d\u00e9pla\u00e7ons r\u00e9guli\u00e8rement pour des d\u00e9barras et des estimations<\/h4>\n<p>91160 Longjumeau<br \/>\n91100 Corbeil-Essonnes<br \/>\n91600 Savigny-sur-Orge<br \/>\n91080 \u00c9vry-Courcouronnes<br \/>\n91400 Orsay<br \/>\n91150 \u00c9tampes<br \/>\n91800 Brunoy<br \/>\n91550 Paray-Vieille-Poste<br \/>\n91700 Villiers-sur-Orge<br \/>\n91940 Les Ulis<br \/>\n91190 Gif-sur-Yvette<br \/>\n91200 Athis-Mons<br \/>\n91230 Montgeron<br \/>\n91210 Draveil<br \/>\n91170 Viry-Ch\u00e2tillon<br \/>\n91270 Vigneux-sur-Seine<br \/>\n91540 Mennecy<br \/>\n91490 Milly-la-For\u00eat<br \/>\n91310 Montlh\u00e9ry<\/p>\n<p>91130 Ris-Orangis<br \/>\n91250 Saint-Germain-l\u00e8s-Corbeil<br \/>\n91470 Limours<br \/>\n91640 Briis-sous-Forges<br \/>\n91410 Dourdan<br \/>\n91530 Saint-Ch\u00e9ron<br \/>\n91580 \u00c9tr\u00e9chy<br \/>\n91120 Palaiseau<br \/>\n91290 Arpajon<\/p>\n<p>91700 Sainte-Genevi\u00e8ve-des-Bois<br \/>\n91330 Yerres<\/p>\n<p>91000 Evry, 91590 La Fert\u00e9 Alais, 91260 Juvisy sur Orge, 91860 Epinay sous S\u00e9nart, 91570 Bi\u00e8vres, 91300 Massy-Palaiseau,91380 Chilly-Mazarin Orsay, 91140 Villebon sur Yvette, 91390 Morsang sur Orge<\/p>\n","protected":false},"excerpt":{"rendered":"<p>Antiquaire-Brocanteur Villab\u00e9 &nbsp; La reconnaissance, l\u2019estimation et l\u2019achat des antiquit\u00e9s et des objets anciens sur le march\u00e9 sont \u00e0 la base du m\u00e9tier de brocanteur. L\u2019une des activit\u00e9s principales d\u2019un brocanteur est de fournir et de renouveler continuellement en objets anciens son stock. Nous recevons la visite r\u00e9guli\u00e8re d\u2019amateurs, de collectionneurs et de professionnels et &#8230; <a title=\"Antiquaire-Brocanteur Villab\u00e9\" class=\"read-more\" href=\"https:\/\/www.vavalabrocante-debarras-paris.fr\/index.php\/antiquaire-brocanteur-villabe\/\" aria-label=\"More on Antiquaire-Brocanteur Villab\u00e9\">Read more<\/a><\/p>\n","protected":false},"author":5,"featured_media":0,"parent":0,"menu_order":0,"comment_status":"closed","ping_status":"closed","template":"","meta":{"footnotes":""},"class_list":["post-821","page","type-page","status-publish"],"yoast_head":"<!-- This site is optimized with the Yoast SEO plugin v24.9 - https:\/\/yoast.com\/wordpress\/plugins\/seo\/ -->\n<title>Antiquaire-Brocanteur Villab\u00e9 | Vava La Brocante<\/title>\n<meta name=\"description\" content=\"Antiquaire-Brocanteur Villab\u00e9 - Estimation &amp; Succession d\u2019objets anciens et de collection. D\u00e9placement ET devis gratuits au 06 60 98 86 82\" \/>\n<meta name=\"robots\" content=\"index, follow, max-snippet:-1, max-image-preview:large, max-video-preview:-1\" \/>\n<link rel=\"canonical\" href=\"https:\/\/www.vavalabrocante-debarras-paris.fr\/index.php\/antiquaire-brocanteur-villabe\/\" \/>\n<meta property=\"og:locale\" content=\"en_US\" \/>\n<meta property=\"og:type\" content=\"article\" \/>\n<meta property=\"og:title\" content=\"Antiquaire-Brocanteur Villab\u00e9 | Vava La Brocante\" \/>\n<meta property=\"og:description\" content=\"Antiquaire-Brocanteur Villab\u00e9 - Estimation &amp; Succession d\u2019objets anciens et de collection. D\u00e9placement ET devis gratuits au 06 60 98 86 82\" \/>\n<meta property=\"og:url\" content=\"https:\/\/www.vavalabrocante-debarras-paris.fr\/index.php\/antiquaire-brocanteur-villabe\/\" \/>\n<meta property=\"og:site_name\" content=\"Vava La brocante, Brocanteur, d\u00e9barras Maison Appartement\" \/>\n<meta property=\"article:modified_time\" content=\"2023-11-07T08:58:47+00:00\" \/>\n<meta name=\"twitter:card\" content=\"summary_large_image\" \/>\n<meta name=\"twitter:label1\" content=\"Est. reading time\" \/>\n\t<meta name=\"twitter:data1\" content=\"3 minutes\" \/>\n<script type=\"application\/ld+json\" class=\"yoast-schema-graph\">{\"@context\":\"https:\/\/schema.org\",\"@graph\":[{\"@type\":\"WebPage\",\"@id\":\"https:\/\/www.vavalabrocante-debarras-paris.fr\/index.php\/antiquaire-brocanteur-villabe\/\",\"url\":\"https:\/\/www.vavalabrocante-debarras-paris.fr\/index.php\/antiquaire-brocanteur-villabe\/\",\"name\":\"Antiquaire-Brocanteur Villab\u00e9 | Vava La Brocante\",\"isPartOf\":{\"@id\":\"https:\/\/www.vavalabrocante-debarras-paris.fr\/#website\"},\"datePublished\":\"2023-11-07T08:49:28+00:00\",\"dateModified\":\"2023-11-07T08:58:47+00:00\",\"description\":\"Antiquaire-Brocanteur Villab\u00e9 - Estimation & Succession d\u2019objets anciens et de collection. D\u00e9placement ET devis gratuits au 06 60 98 86 82\",\"breadcrumb\":{\"@id\":\"https:\/\/www.vavalabrocante-debarras-paris.fr\/index.php\/antiquaire-brocanteur-villabe\/#breadcrumb\"},\"inLanguage\":\"en-US\",\"potentialAction\":[{\"@type\":\"ReadAction\",\"target\":[\"https:\/\/www.vavalabrocante-debarras-paris.fr\/index.php\/antiquaire-brocanteur-villabe\/\"]}]},{\"@type\":\"BreadcrumbList\",\"@id\":\"https:\/\/www.vavalabrocante-debarras-paris.fr\/index.php\/antiquaire-brocanteur-villabe\/#breadcrumb\",\"itemListElement\":[{\"@type\":\"ListItem\",\"position\":1,\"name\":\"Accueil\",\"item\":\"https:\/\/www.vavalabrocante-debarras-paris.fr\/\"},{\"@type\":\"ListItem\",\"position\":2,\"name\":\"Antiquaire-Brocanteur Villab\u00e9\"}]},{\"@type\":\"WebSite\",\"@id\":\"https:\/\/www.vavalabrocante-debarras-paris.fr\/#website\",\"url\":\"https:\/\/www.vavalabrocante-debarras-paris.fr\/\",\"name\":\"Vava La brocante, Brocanteur, d\u00e9barras Maison Appartement\",\"description\":\"Vava La brocante, Brocanteur, d\u00e9barras Maison Appartement\",\"publisher\":{\"@id\":\"https:\/\/www.vavalabrocante-debarras-paris.fr\/#organization\"},\"potentialAction\":[{\"@type\":\"SearchAction\",\"target\":{\"@type\":\"EntryPoint\",\"urlTemplate\":\"https:\/\/www.vavalabrocante-debarras-paris.fr\/?s={search_term_string}\"},\"query-input\":{\"@type\":\"PropertyValueSpecification\",\"valueRequired\":true,\"valueName\":\"search_term_string\"}}],\"inLanguage\":\"en-US\"},{\"@type\":\"Organization\",\"@id\":\"https:\/\/www.vavalabrocante-debarras-paris.fr\/#organization\",\"name\":\"Vava La brocante, Brocanteur, d\u00e9barras Maison Appartement\",\"url\":\"https:\/\/www.vavalabrocante-debarras-paris.fr\/\",\"logo\":{\"@type\":\"ImageObject\",\"inLanguage\":\"en-US\",\"@id\":\"https:\/\/www.vavalabrocante-debarras-paris.fr\/#\/schema\/logo\/image\/\",\"url\":\"https:\/\/www.vavalabrocante-debarras-paris.fr\/wp-content\/uploads\/2023\/12\/logo_vavalabrocante.png\",\"contentUrl\":\"https:\/\/www.vavalabrocante-debarras-paris.fr\/wp-content\/uploads\/2023\/12\/logo_vavalabrocante.png\",\"width\":350,\"height\":70,\"caption\":\"Vava La brocante, Brocanteur, d\u00e9barras Maison Appartement\"},\"image\":{\"@id\":\"https:\/\/www.vavalabrocante-debarras-paris.fr\/#\/schema\/logo\/image\/\"}}]}<\/script>\n<!-- \/ Yoast SEO plugin. -->","yoast_head_json":{"title":"Antiquaire-Brocanteur Villab\u00e9 | Vava La Brocante","description":"Antiquaire-Brocanteur Villab\u00e9 - Estimation & Succession d\u2019objets anciens et de collection. D\u00e9placement ET devis gratuits au 06 60 98 86 82","robots":{"index":"index","follow":"follow","max-snippet":"max-snippet:-1","max-image-preview":"max-image-preview:large","max-video-preview":"max-video-preview:-1"},"canonical":"https:\/\/www.vavalabrocante-debarras-paris.fr\/index.php\/antiquaire-brocanteur-villabe\/","og_locale":"en_US","og_type":"article","og_title":"Antiquaire-Brocanteur Villab\u00e9 | Vava La Brocante","og_description":"Antiquaire-Brocanteur Villab\u00e9 - Estimation & Succession d\u2019objets anciens et de collection. D\u00e9placement ET devis gratuits au 06 60 98 86 82","og_url":"https:\/\/www.vavalabrocante-debarras-paris.fr\/index.php\/antiquaire-brocanteur-villabe\/","og_site_name":"Vava La brocante, Brocanteur, d\u00e9barras Maison Appartement","article_modified_time":"2023-11-07T08:58:47+00:00","twitter_card":"summary_large_image","twitter_misc":{"Est. reading time":"3 minutes"},"schema":{"@context":"https:\/\/schema.org","@graph":[{"@type":"WebPage","@id":"https:\/\/www.vavalabrocante-debarras-paris.fr\/index.php\/antiquaire-brocanteur-villabe\/","url":"https:\/\/www.vavalabrocante-debarras-paris.fr\/index.php\/antiquaire-brocanteur-villabe\/","name":"Antiquaire-Brocanteur Villab\u00e9 | Vava La Brocante","isPartOf":{"@id":"https:\/\/www.vavalabrocante-debarras-paris.fr\/#website"},"datePublished":"2023-11-07T08:49:28+00:00","dateModified":"2023-11-07T08:58:47+00:00","description":"Antiquaire-Brocanteur Villab\u00e9 - Estimation & Succession d\u2019objets anciens et de collection. D\u00e9placement ET devis gratuits au 06 60 98 86 82","breadcrumb":{"@id":"https:\/\/www.vavalabrocante-debarras-paris.fr\/index.php\/antiquaire-brocanteur-villabe\/#breadcrumb"},"inLanguage":"en-US","potentialAction":[{"@type":"ReadAction","target":["https:\/\/www.vavalabrocante-debarras-paris.fr\/index.php\/antiquaire-brocanteur-villabe\/"]}]},{"@type":"BreadcrumbList","@id":"https:\/\/www.vavalabrocante-debarras-paris.fr\/index.php\/antiquaire-brocanteur-villabe\/#breadcrumb","itemListElement":[{"@type":"ListItem","position":1,"name":"Accueil","item":"https:\/\/www.vavalabrocante-debarras-paris.fr\/"},{"@type":"ListItem","position":2,"name":"Antiquaire-Brocanteur Villab\u00e9"}]},{"@type":"WebSite","@id":"https:\/\/www.vavalabrocante-debarras-paris.fr\/#website","url":"https:\/\/www.vavalabrocante-debarras-paris.fr\/","name":"Vava La brocante, Brocanteur, d\u00e9barras Maison Appartement","description":"Vava La brocante, Brocanteur, d\u00e9barras Maison Appartement","publisher":{"@id":"https:\/\/www.vavalabrocante-debarras-paris.fr\/#organization"},"potentialAction":[{"@type":"SearchAction","target":{"@type":"EntryPoint","urlTemplate":"https:\/\/www.vavalabrocante-debarras-paris.fr\/?s={search_term_string}"},"query-input":{"@type":"PropertyValueSpecification","valueRequired":true,"valueName":"search_term_string"}}],"inLanguage":"en-US"},{"@type":"Organization","@id":"https:\/\/www.vavalabrocante-debarras-paris.fr\/#organization","name":"Vava La brocante, Brocanteur, d\u00e9barras Maison Appartement","url":"https:\/\/www.vavalabrocante-debarras-paris.fr\/","logo":{"@type":"ImageObject","inLanguage":"en-US","@id":"https:\/\/www.vavalabrocante-debarras-paris.fr\/#\/schema\/logo\/image\/","url":"https:\/\/www.vavalabrocante-debarras-paris.fr\/wp-content\/uploads\/2023\/12\/logo_vavalabrocante.png","contentUrl":"https:\/\/www.vavalabrocante-debarras-paris.fr\/wp-content\/uploads\/2023\/12\/logo_vavalabrocante.png","width":350,"height":70,"caption":"Vava La brocante, Brocanteur, d\u00e9barras Maison Appartement"},"image":{"@id":"https:\/\/www.vavalabrocante-debarras-paris.fr\/#\/schema\/logo\/image\/"}}]}},"_links":{"self":[{"href":"https:\/\/www.vavalabrocante-debarras-paris.fr\/index.php\/wp-json\/wp\/v2\/pages\/821","targetHints":{"allow":["GET"]}}],"collection":[{"href":"https:\/\/www.vavalabrocante-debarras-paris.fr\/index.php\/wp-json\/wp\/v2\/pages"}],"about":[{"href":"https:\/\/www.vavalabrocante-debarras-paris.fr\/index.php\/wp-json\/wp\/v2\/types\/page"}],"author":[{"embeddable":true,"href":"https:\/\/www.vavalabrocante-debarras-paris.fr\/index.php\/wp-json\/wp\/v2\/users\/5"}],"replies":[{"embeddable":true,"href":"https:\/\/www.vavalabrocante-debarras-paris.fr\/index.php\/wp-json\/wp\/v2\/comments?post=821"}],"version-history":[{"count":2,"href":"https:\/\/www.vavalabrocante-debarras-paris.fr\/index.php\/wp-json\/wp\/v2\/pages\/821\/revisions"}],"predecessor-version":[{"id":827,"href":"https:\/\/www.vavalabrocante-debarras-paris.fr\/index.php\/wp-json\/wp\/v2\/pages\/821\/revisions\/827"}],"wp:attachment":[{"href":"https:\/\/www.vavalabrocante-debarras-paris.fr\/index.php\/wp-json\/wp\/v2\/media?parent=821"}],"curies":[{"name":"wp","href":"https:\/\/api.w.org\/{rel}","templated":true}]}}