{"id":788,"date":"2023-10-26T10:27:19","date_gmt":"2023-10-26T08:27:19","guid":{"rendered":"https:\/\/www.vavalabrocante-debarras-paris.fr\/?page_id=788"},"modified":"2023-10-26T10:27:19","modified_gmt":"2023-10-26T08:27:19","slug":"debarras-athis-mons","status":"publish","type":"page","link":"https:\/\/www.vavalabrocante-debarras-paris.fr\/index.php\/debarras-athis-mons\/","title":{"rendered":"Debarras Athis-Mons"},"content":{"rendered":"<div class=\"vc_row wpb_row vc_row-fluid\">\n<div class=\"wpb_column vc_column_container vc_col-sm-12\">\n<div class=\"vc_column-inner\">\n<div class=\"wpb_wrapper\">\n<div class=\"wpb_text_column wpb_content_element \">\n<div class=\"wpb_wrapper\">\n<h1 style=\"text-align: center;\">Debarras Athis-Mons : vide maisons, appartements<\/h1>\n<p>La solution de faire appel \u00e0 un brocanteur pour un d\u00e9barras est toujours plus simple plut\u00f4t que de s\u2019en charger et ceci pour de multiples raisons :<br \/>\n\u2013 Un d\u00e9barras peut \u00eatre gratuit voire rapporter de l\u2019argent,<br \/>\n\u2013 Un d\u00e9barras suppose une logistique et des frais. La location d\u2019une camionnette, des cartons, le mat\u00e9riel de transport etc<br \/>\n\u2013 Un d\u00e9barras r\u00e9clame du temps. Selon sa taille, un d\u00e9barras peut prendre plusieurs jours et s\u2019\u00e9taler dans le temps, les all\u00e9es et venues, les d\u00e9p\u00f4ts dans les recycleries \u2026<br \/>\n\u2013 Un d\u00e9barras mobilise du monde. Il faut faire appel \u00e0 son entourage, \u00e0 la famille,<br \/>\n\u2013 Un d\u00e9barras est physique. Faire les cartons, les transporter, enlever les meubles demandent des efforts physiques et d\u2019avoir un dos solide,<br \/>\nChez Vava La brocante nous sommes \u00e9quip\u00e9s et entra\u00een\u00e9s, et le plus souvent le d\u00e9barras est gratuit ou rapporte de l\u2019argent.<\/p>\n<\/div>\n<\/div>\n<\/div>\n<\/div>\n<\/div>\n<\/div>\n<div class=\"vc_row wpb_row vc_row-fluid\">\n<div class=\"wpb_column vc_column_container vc_col-sm-3\">\n<div class=\"vc_column-inner\">\n<div class=\"wpb_wrapper\">\n<div class=\"wpb_text_column wpb_content_element \">\n<div class=\"wpb_wrapper\">\n<p><img loading=\"lazy\" decoding=\"async\" class=\"alignnone size-medium wp-image-158 aligncenter\" src=\"https:\/\/www.vavalabrocante-debarras-paris.fr\/wp-content\/uploads\/2021\/06\/25-vava-la-brocante-debarras-chateauroux-36-indre-L400-300x197.jpg\" sizes=\"auto, (max-width: 300px) 100vw, 300px\" srcset=\"https:\/\/www.vavalabrocante-debarras-paris.fr\/wp-content\/uploads\/2021\/06\/25-vava-la-brocante-debarras-chateauroux-36-indre-L400-300x197.jpg 300w, https:\/\/www.vavalabrocante-debarras-paris.fr\/wp-content\/uploads\/2021\/06\/25-vava-la-brocante-debarras-chateauroux-36-indre-L400.jpg 400w\" alt=\"25 vava-la-brocante-debarras-chateauroux-36-indre L400\" width=\"300\" height=\"197\" \/><\/p>\n<p>&nbsp;<\/p>\n<p><img loading=\"lazy\" decoding=\"async\" class=\"alignnone size-medium wp-image-159 aligncenter\" src=\"https:\/\/www.vavalabrocante-debarras-paris.fr\/wp-content\/uploads\/2021\/06\/24-vava-la-brocante-brocanteur-debarras-chateauroux-36-indre-L400-300x290.jpg\" sizes=\"auto, (max-width: 300px) 100vw, 300px\" srcset=\"https:\/\/www.vavalabrocante-debarras-paris.fr\/wp-content\/uploads\/2021\/06\/24-vava-la-brocante-brocanteur-debarras-chateauroux-36-indre-L400-300x290.jpg 300w, https:\/\/www.vavalabrocante-debarras-paris.fr\/wp-content\/uploads\/2021\/06\/24-vava-la-brocante-brocanteur-debarras-chateauroux-36-indre-L400.jpg 400w\" alt=\"24-vava-la-brocante-brocanteur-debarras-chateauroux-36-indre-L400\" width=\"300\" height=\"290\" \/><\/p>\n<p>&nbsp;<\/p>\n<p>&nbsp;<\/p>\n<p><img loading=\"lazy\" decoding=\"async\" class=\"alignnone size-medium wp-image-162 aligncenter\" src=\"https:\/\/www.vavalabrocante-debarras-paris.fr\/wp-content\/uploads\/2021\/06\/21-vava-la-brocante-debarras-chateauroux-36-indre-L400-300x169.jpg\" sizes=\"auto, (max-width: 300px) 100vw, 300px\" srcset=\"https:\/\/www.vavalabrocante-debarras-paris.fr\/wp-content\/uploads\/2021\/06\/21-vava-la-brocante-debarras-chateauroux-36-indre-L400-300x169.jpg 300w, https:\/\/www.vavalabrocante-debarras-paris.fr\/wp-content\/uploads\/2021\/06\/21-vava-la-brocante-debarras-chateauroux-36-indre-L400.jpg 400w\" alt=\"21-vava-la-brocante-debarras-chateauroux-36-indre-L400\" width=\"300\" height=\"169\" \/><\/p>\n<\/div>\n<\/div>\n<\/div>\n<\/div>\n<\/div>\n<div class=\"wpb_column vc_column_container vc_col-sm-9\">\n<div class=\"vc_column-inner\">\n<div class=\"wpb_wrapper\">\n<div class=\"wpb_text_column wpb_content_element vc_custom_1664818429854\">\n<div class=\"wpb_wrapper\">\n<h2>D\u00e9barras de maisons et d\u2019appartements \u00e0 Athis-Mons 91<\/h2>\n<p>Vava La Brocante afin d\u2019entretenir sa client\u00e8le d\u2019amateurs et de professionnels doit fournir en permanence de nouvelles antiquit\u00e9s de toutes sortes. Nous effectuons des d\u00e9barras de maisons\u00a0 et d\u2019appartements en Essonne 91 et les d\u00e9partements limitrophes. Vava la Brocante est \u00e9quip\u00e9e et entra\u00een\u00e9e pour les d\u00e9barras qui demandent du temps et de l\u2019\u00e9nergie.<\/p>\n<h2>Les d\u00e9barras de maisons et d\u2019appartements gratuits<\/h2>\n<p>Les d\u00e9barras que r\u00e9alisent Vava La Brocante sont le plus souvent gratuits voire r\u00e9mun\u00e9rateurs sous certaines conditions. Le d\u00e9barras est gratuit ou b\u00e9n\u00e9fique avec l\u2019achat d\u2019antiquit\u00e9s, d\u2019objets anciens ou objets d\u2019art. Avant toute chose, en se rendre sur place nous \u00e9tablissons un devis et une \u00e9valuation des objets et antiquit\u00e9s que le particulier souhaite se s\u00e9parer.<\/p>\n<h3>D\u00e9barrasser une maison, un appartement avec Vava La Brocante<\/h3>\n<p>Apr\u00e8s avoir \u00e9valuer le co\u00fbt du d\u00e9barras et l\u2019achat d\u2019objets anciens trois situations se pr\u00e9sentent :<br \/>\n1\/ Le d\u00e9barras est gratuit car la somme des objets achet\u00e9s couvre juste les frais du d\u00e9barras,<br \/>\n2\/ Le d\u00e9barras est r\u00e9mun\u00e9r\u00e9 car la somme des objets achet\u00e9s d\u00e9passe les frais du d\u00e9barras,<br \/>\n3\/ Le d\u00e9barras est payant car la somme des objets achet\u00e9s est inf\u00e9rieure aux frais du d\u00e9barras.<\/p>\n<h3>Les avantages de faire appel \u00e0 Vava La Brocante pour le d\u00e9barras d\u2019une maison<\/h3>\n<p>Pour notre client\u00e8le d\u2019amateurs et de professionnels qui se rendent r\u00e9guli\u00e8rement aux Puces de Vanves nous nous devons d\u2019avoir des arrivages r\u00e9guliers d\u2019objets anciens et d\u2019antiquit\u00e9s. Ces arrivages proviennent de nos clients, de salles de vente et de d\u00e9barras que nous effectuons \u00e0 Athis-Mons 91 et dans l&#8217;Essonne. Pour r\u00e9pondre \u00e0 la demande de cette client\u00e8le exigeante, nous achetons au juste prix toute antiquit\u00e9 et tout objet ancien de toute \u00e9poque au regard des prix pratiqu\u00e9s sur le march\u00e9 des brocanteurs.<\/p>\n<h4>Authentifier et estimer une antiquit\u00e9<\/h4>\n<p>\u00c9tant en prise directe et en permanence avec le march\u00e9 des antiquit\u00e9s nous connaissons leurs valeurs actuelles en fonction de la demande, les modes changent d\u2019une ann\u00e9e sur l\u2019autre.<\/p>\n<h5>Les d\u00e9barras de maison suite \u00e0 une succession, un partage, un d\u00e9part en retraites<\/h5>\n<p>Dans ces situations d\u00e9licates pour les familles, notre approche a toujours \u00e9t\u00e9 appr\u00e9ci\u00e9e, c\u2019est un moment parfois sensible pour les personnes qui doivent se s\u00e9parer d\u2019objets auxquels ils sont attach\u00e9s.<br \/>\nNous ne travaillons qu\u2019avec les particuliers<br \/>\nNous travaillons essentiellement avec les particuliers. Non apportons une attention particuli\u00e8re aux objets que nous enlevons, il y a des soci\u00e9t\u00e9s de d\u00e9barras aussi pour les entreprises qui n\u2019ont toujours la connaissance des objets de valeur.<\/p>\n<h5>Un travail soign\u00e9<\/h5>\n<p>Travailler pour les particuliers r\u00e9clame des m\u00e9thodes de manipulation rigoureuses. Les meubles sont mani\u00e9s avec pr\u00e9caution pour \u00e9viter toute d\u00e9gradation aussi bien pour les meubles que pour l\u2019habitat. Tous les meubles et objets sont destin\u00e9s \u00e0 \u00eatre revendus dans notre magasin et les ab\u00eemer diminuerais leur valeur de revente.<\/p>\n<h5>Des d\u00e9barras responsables<\/h5>\n<p>Tout ce que nous ne commercialisons pas sera remis \u00e0 des \u0153uvres caritatives pour les objets usuels et les v\u00eatements, les encombrants sont d\u00e9pos\u00e9s dans les centres de recyclage et d\u00e9chetterie.<\/p>\n<h5>Devis gratuit sans engagement<\/h5>\n<p>Il est n\u00e9cessaire de se rendre sur place pour se rendre compte de l\u2019importance du d\u00e9barras, des meubles \u00e0 enlever, de l\u2019accessibilit\u00e9 des lieux. Le devis comme le d\u00e9placement sont gratuits et sans engagement.<\/p>\n<h6>L\u2019achat comptant sur place des objets et antiquit\u00e9s<\/h6>\n<p>Afin de satisfaire notre client\u00e8le d\u2019amateurs et de professionnels nous nous devons d\u2019alimenter notre stock d\u2019objets anciens de qualit\u00e9 et originaux, c\u2019est la raison pour laquelle nous achetons aux meilleurs prix les antiquit\u00e9s les plus int\u00e9ressantes et de valeur.<\/p>\n<h6>Les villes alentours de l\u2019Essonne 91 et d\u00e9partements voisins o\u00f9 nous nous d\u00e9pla\u00e7ons r\u00e9guli\u00e8rement pour des d\u00e9barras<\/h6>\n<p>91160 Longjumeau<br \/>\n91100 Corbeil-Essonnes<br \/>\n91600 Savigny-sur-Orge<br \/>\n91080 \u00c9vry-Courcouronnes<br \/>\n91400 Orsay<br \/>\n91150 \u00c9tampes<br \/>\n91800 Brunoy<br \/>\n91550 Paray-Vieille-Poste<br \/>\n91700 Villiers-sur-Orge<br \/>\n91940 Les Ulis<br \/>\n91190 Gif-sur-Yvette<br \/>\n91200 Athis-Mons<br \/>\n91230 Montgeron<br \/>\n91210 Draveil<br \/>\n91170 Viry-Ch\u00e2tillon<br \/>\n91270 Vigneux-sur-Seine<br \/>\n91540 Mennecy<br \/>\n91490 Milly-la-For\u00eat<br \/>\n91310 Montlh\u00e9ry<\/p>\n<p>91130 Ris-Orangis<br \/>\n91250 Saint-Germain-l\u00e8s-Corbeil<br \/>\n91470 Limours<br \/>\n91640 Briis-sous-Forges<br \/>\n91410 Dourdan<br \/>\n91530 Saint-Ch\u00e9ron<br \/>\n91580 \u00c9tr\u00e9chy<br \/>\n91120 Palaiseau<br \/>\n91290 Arpajon<\/p>\n<p>91700 Sainte-Genevi\u00e8ve-des-Bois<br \/>\n91330 Yerres<\/p>\n<p>91000 Evry, 91590 La Fert\u00e9 Alais, 91260 Juvisy sur Orge, 91860 Epinay sous S\u00e9nart, 91570 Bi\u00e8vres, 91300 Massy-Palaiseau,91380 Chilly-Mazarin Orsay, 91140 Villebon sur Yvette, 91390 Morsang sur Orge<\/p>\n<\/div>\n<\/div>\n<\/div>\n<\/div>\n<\/div>\n<\/div>\n","protected":false},"excerpt":{"rendered":"<p>Debarras Athis-Mons : vide maisons, appartements La solution de faire appel \u00e0 un brocanteur pour un d\u00e9barras est toujours plus simple plut\u00f4t que de s\u2019en charger et ceci pour de multiples raisons : \u2013 Un d\u00e9barras peut \u00eatre gratuit voire rapporter de l\u2019argent, \u2013 Un d\u00e9barras suppose une logistique et des frais. La location d\u2019une &#8230; <a title=\"Debarras Athis-Mons\" class=\"read-more\" href=\"https:\/\/www.vavalabrocante-debarras-paris.fr\/index.php\/debarras-athis-mons\/\" aria-label=\"More on Debarras Athis-Mons\">Read more<\/a><\/p>\n","protected":false},"author":5,"featured_media":0,"parent":0,"menu_order":0,"comment_status":"closed","ping_status":"closed","template":"","meta":{"footnotes":""},"class_list":["post-788","page","type-page","status-publish"],"yoast_head":"<!-- This site is optimized with the Yoast SEO plugin v24.9 - https:\/\/yoast.com\/wordpress\/plugins\/seo\/ -->\n<title>Debarras Athis-Mons - maisons, appartements | Vava La Brocante<\/title>\n<meta name=\"description\" content=\"Debarras Athis-Mons - Estimation &amp; Succession d\u2019objets anciens et de collection. D\u00e9placement ET devis gratuits au 06 60 98 86 82\" \/>\n<meta name=\"robots\" content=\"index, follow, max-snippet:-1, max-image-preview:large, max-video-preview:-1\" \/>\n<link rel=\"canonical\" href=\"https:\/\/www.vavalabrocante-debarras-paris.fr\/index.php\/debarras-athis-mons\/\" \/>\n<meta property=\"og:locale\" content=\"en_US\" \/>\n<meta property=\"og:type\" content=\"article\" \/>\n<meta property=\"og:title\" content=\"Debarras Athis-Mons - maisons, appartements | Vava La Brocante\" \/>\n<meta property=\"og:description\" content=\"Debarras Athis-Mons - Estimation &amp; Succession d\u2019objets anciens et de collection. D\u00e9placement ET devis gratuits au 06 60 98 86 82\" \/>\n<meta property=\"og:url\" content=\"https:\/\/www.vavalabrocante-debarras-paris.fr\/index.php\/debarras-athis-mons\/\" \/>\n<meta property=\"og:site_name\" content=\"Vava La brocante, Brocanteur, d\u00e9barras Maison Appartement\" \/>\n<meta property=\"og:image\" content=\"https:\/\/www.vavalabrocante-debarras-paris.fr\/wp-content\/uploads\/2021\/06\/25-vava-la-brocante-debarras-chateauroux-36-indre-L400-300x197.jpg\" \/>\n<meta name=\"twitter:card\" content=\"summary_large_image\" \/>\n<meta name=\"twitter:label1\" content=\"Est. reading time\" \/>\n\t<meta name=\"twitter:data1\" content=\"5 minutes\" \/>\n<script type=\"application\/ld+json\" class=\"yoast-schema-graph\">{\"@context\":\"https:\/\/schema.org\",\"@graph\":[{\"@type\":\"WebPage\",\"@id\":\"https:\/\/www.vavalabrocante-debarras-paris.fr\/index.php\/debarras-athis-mons\/\",\"url\":\"https:\/\/www.vavalabrocante-debarras-paris.fr\/index.php\/debarras-athis-mons\/\",\"name\":\"Debarras Athis-Mons - maisons, appartements | Vava La Brocante\",\"isPartOf\":{\"@id\":\"https:\/\/www.vavalabrocante-debarras-paris.fr\/#website\"},\"primaryImageOfPage\":{\"@id\":\"https:\/\/www.vavalabrocante-debarras-paris.fr\/index.php\/debarras-athis-mons\/#primaryimage\"},\"image\":{\"@id\":\"https:\/\/www.vavalabrocante-debarras-paris.fr\/index.php\/debarras-athis-mons\/#primaryimage\"},\"thumbnailUrl\":\"https:\/\/www.vavalabrocante-debarras-paris.fr\/wp-content\/uploads\/2021\/06\/25-vava-la-brocante-debarras-chateauroux-36-indre-L400-300x197.jpg\",\"datePublished\":\"2023-10-26T08:27:19+00:00\",\"description\":\"Debarras Athis-Mons - Estimation & Succession d\u2019objets anciens et de collection. D\u00e9placement ET devis gratuits au 06 60 98 86 82\",\"breadcrumb\":{\"@id\":\"https:\/\/www.vavalabrocante-debarras-paris.fr\/index.php\/debarras-athis-mons\/#breadcrumb\"},\"inLanguage\":\"en-US\",\"potentialAction\":[{\"@type\":\"ReadAction\",\"target\":[\"https:\/\/www.vavalabrocante-debarras-paris.fr\/index.php\/debarras-athis-mons\/\"]}]},{\"@type\":\"ImageObject\",\"inLanguage\":\"en-US\",\"@id\":\"https:\/\/www.vavalabrocante-debarras-paris.fr\/index.php\/debarras-athis-mons\/#primaryimage\",\"url\":\"https:\/\/www.vavalabrocante-debarras-paris.fr\/wp-content\/uploads\/2021\/06\/25-vava-la-brocante-debarras-chateauroux-36-indre-L400.jpg\",\"contentUrl\":\"https:\/\/www.vavalabrocante-debarras-paris.fr\/wp-content\/uploads\/2021\/06\/25-vava-la-brocante-debarras-chateauroux-36-indre-L400.jpg\",\"width\":400,\"height\":263,\"caption\":\"25 vava-la-brocante-debarras-chateauroux-36-indre L400\"},{\"@type\":\"BreadcrumbList\",\"@id\":\"https:\/\/www.vavalabrocante-debarras-paris.fr\/index.php\/debarras-athis-mons\/#breadcrumb\",\"itemListElement\":[{\"@type\":\"ListItem\",\"position\":1,\"name\":\"Accueil\",\"item\":\"https:\/\/www.vavalabrocante-debarras-paris.fr\/\"},{\"@type\":\"ListItem\",\"position\":2,\"name\":\"Debarras Athis-Mons\"}]},{\"@type\":\"WebSite\",\"@id\":\"https:\/\/www.vavalabrocante-debarras-paris.fr\/#website\",\"url\":\"https:\/\/www.vavalabrocante-debarras-paris.fr\/\",\"name\":\"Vava La brocante, Brocanteur, d\u00e9barras Maison Appartement\",\"description\":\"Vava La brocante, Brocanteur, d\u00e9barras Maison Appartement\",\"publisher\":{\"@id\":\"https:\/\/www.vavalabrocante-debarras-paris.fr\/#organization\"},\"potentialAction\":[{\"@type\":\"SearchAction\",\"target\":{\"@type\":\"EntryPoint\",\"urlTemplate\":\"https:\/\/www.vavalabrocante-debarras-paris.fr\/?s={search_term_string}\"},\"query-input\":{\"@type\":\"PropertyValueSpecification\",\"valueRequired\":true,\"valueName\":\"search_term_string\"}}],\"inLanguage\":\"en-US\"},{\"@type\":\"Organization\",\"@id\":\"https:\/\/www.vavalabrocante-debarras-paris.fr\/#organization\",\"name\":\"Vava La brocante, Brocanteur, d\u00e9barras Maison Appartement\",\"url\":\"https:\/\/www.vavalabrocante-debarras-paris.fr\/\",\"logo\":{\"@type\":\"ImageObject\",\"inLanguage\":\"en-US\",\"@id\":\"https:\/\/www.vavalabrocante-debarras-paris.fr\/#\/schema\/logo\/image\/\",\"url\":\"https:\/\/www.vavalabrocante-debarras-paris.fr\/wp-content\/uploads\/2023\/12\/logo_vavalabrocante.png\",\"contentUrl\":\"https:\/\/www.vavalabrocante-debarras-paris.fr\/wp-content\/uploads\/2023\/12\/logo_vavalabrocante.png\",\"width\":350,\"height\":70,\"caption\":\"Vava La brocante, Brocanteur, d\u00e9barras Maison Appartement\"},\"image\":{\"@id\":\"https:\/\/www.vavalabrocante-debarras-paris.fr\/#\/schema\/logo\/image\/\"}}]}<\/script>\n<!-- \/ Yoast SEO plugin. -->","yoast_head_json":{"title":"Debarras Athis-Mons - maisons, appartements | Vava La Brocante","description":"Debarras Athis-Mons - Estimation & Succession d\u2019objets anciens et de collection. D\u00e9placement ET devis gratuits au 06 60 98 86 82","robots":{"index":"index","follow":"follow","max-snippet":"max-snippet:-1","max-image-preview":"max-image-preview:large","max-video-preview":"max-video-preview:-1"},"canonical":"https:\/\/www.vavalabrocante-debarras-paris.fr\/index.php\/debarras-athis-mons\/","og_locale":"en_US","og_type":"article","og_title":"Debarras Athis-Mons - maisons, appartements | Vava La Brocante","og_description":"Debarras Athis-Mons - Estimation & Succession d\u2019objets anciens et de collection. D\u00e9placement ET devis gratuits au 06 60 98 86 82","og_url":"https:\/\/www.vavalabrocante-debarras-paris.fr\/index.php\/debarras-athis-mons\/","og_site_name":"Vava La brocante, Brocanteur, d\u00e9barras Maison Appartement","og_image":[{"url":"https:\/\/www.vavalabrocante-debarras-paris.fr\/wp-content\/uploads\/2021\/06\/25-vava-la-brocante-debarras-chateauroux-36-indre-L400-300x197.jpg","type":"","width":"","height":""}],"twitter_card":"summary_large_image","twitter_misc":{"Est. reading time":"5 minutes"},"schema":{"@context":"https:\/\/schema.org","@graph":[{"@type":"WebPage","@id":"https:\/\/www.vavalabrocante-debarras-paris.fr\/index.php\/debarras-athis-mons\/","url":"https:\/\/www.vavalabrocante-debarras-paris.fr\/index.php\/debarras-athis-mons\/","name":"Debarras Athis-Mons - maisons, appartements | Vava La Brocante","isPartOf":{"@id":"https:\/\/www.vavalabrocante-debarras-paris.fr\/#website"},"primaryImageOfPage":{"@id":"https:\/\/www.vavalabrocante-debarras-paris.fr\/index.php\/debarras-athis-mons\/#primaryimage"},"image":{"@id":"https:\/\/www.vavalabrocante-debarras-paris.fr\/index.php\/debarras-athis-mons\/#primaryimage"},"thumbnailUrl":"https:\/\/www.vavalabrocante-debarras-paris.fr\/wp-content\/uploads\/2021\/06\/25-vava-la-brocante-debarras-chateauroux-36-indre-L400-300x197.jpg","datePublished":"2023-10-26T08:27:19+00:00","description":"Debarras Athis-Mons - Estimation & Succession d\u2019objets anciens et de collection. D\u00e9placement ET devis gratuits au 06 60 98 86 82","breadcrumb":{"@id":"https:\/\/www.vavalabrocante-debarras-paris.fr\/index.php\/debarras-athis-mons\/#breadcrumb"},"inLanguage":"en-US","potentialAction":[{"@type":"ReadAction","target":["https:\/\/www.vavalabrocante-debarras-paris.fr\/index.php\/debarras-athis-mons\/"]}]},{"@type":"ImageObject","inLanguage":"en-US","@id":"https:\/\/www.vavalabrocante-debarras-paris.fr\/index.php\/debarras-athis-mons\/#primaryimage","url":"https:\/\/www.vavalabrocante-debarras-paris.fr\/wp-content\/uploads\/2021\/06\/25-vava-la-brocante-debarras-chateauroux-36-indre-L400.jpg","contentUrl":"https:\/\/www.vavalabrocante-debarras-paris.fr\/wp-content\/uploads\/2021\/06\/25-vava-la-brocante-debarras-chateauroux-36-indre-L400.jpg","width":400,"height":263,"caption":"25 vava-la-brocante-debarras-chateauroux-36-indre L400"},{"@type":"BreadcrumbList","@id":"https:\/\/www.vavalabrocante-debarras-paris.fr\/index.php\/debarras-athis-mons\/#breadcrumb","itemListElement":[{"@type":"ListItem","position":1,"name":"Accueil","item":"https:\/\/www.vavalabrocante-debarras-paris.fr\/"},{"@type":"ListItem","position":2,"name":"Debarras Athis-Mons"}]},{"@type":"WebSite","@id":"https:\/\/www.vavalabrocante-debarras-paris.fr\/#website","url":"https:\/\/www.vavalabrocante-debarras-paris.fr\/","name":"Vava La brocante, Brocanteur, d\u00e9barras Maison Appartement","description":"Vava La brocante, Brocanteur, d\u00e9barras Maison Appartement","publisher":{"@id":"https:\/\/www.vavalabrocante-debarras-paris.fr\/#organization"},"potentialAction":[{"@type":"SearchAction","target":{"@type":"EntryPoint","urlTemplate":"https:\/\/www.vavalabrocante-debarras-paris.fr\/?s={search_term_string}"},"query-input":{"@type":"PropertyValueSpecification","valueRequired":true,"valueName":"search_term_string"}}],"inLanguage":"en-US"},{"@type":"Organization","@id":"https:\/\/www.vavalabrocante-debarras-paris.fr\/#organization","name":"Vava La brocante, Brocanteur, d\u00e9barras Maison Appartement","url":"https:\/\/www.vavalabrocante-debarras-paris.fr\/","logo":{"@type":"ImageObject","inLanguage":"en-US","@id":"https:\/\/www.vavalabrocante-debarras-paris.fr\/#\/schema\/logo\/image\/","url":"https:\/\/www.vavalabrocante-debarras-paris.fr\/wp-content\/uploads\/2023\/12\/logo_vavalabrocante.png","contentUrl":"https:\/\/www.vavalabrocante-debarras-paris.fr\/wp-content\/uploads\/2023\/12\/logo_vavalabrocante.png","width":350,"height":70,"caption":"Vava La brocante, Brocanteur, d\u00e9barras Maison Appartement"},"image":{"@id":"https:\/\/www.vavalabrocante-debarras-paris.fr\/#\/schema\/logo\/image\/"}}]}},"_links":{"self":[{"href":"https:\/\/www.vavalabrocante-debarras-paris.fr\/index.php\/wp-json\/wp\/v2\/pages\/788","targetHints":{"allow":["GET"]}}],"collection":[{"href":"https:\/\/www.vavalabrocante-debarras-paris.fr\/index.php\/wp-json\/wp\/v2\/pages"}],"about":[{"href":"https:\/\/www.vavalabrocante-debarras-paris.fr\/index.php\/wp-json\/wp\/v2\/types\/page"}],"author":[{"embeddable":true,"href":"https:\/\/www.vavalabrocante-debarras-paris.fr\/index.php\/wp-json\/wp\/v2\/users\/5"}],"replies":[{"embeddable":true,"href":"https:\/\/www.vavalabrocante-debarras-paris.fr\/index.php\/wp-json\/wp\/v2\/comments?post=788"}],"version-history":[{"count":1,"href":"https:\/\/www.vavalabrocante-debarras-paris.fr\/index.php\/wp-json\/wp\/v2\/pages\/788\/revisions"}],"predecessor-version":[{"id":789,"href":"https:\/\/www.vavalabrocante-debarras-paris.fr\/index.php\/wp-json\/wp\/v2\/pages\/788\/revisions\/789"}],"wp:attachment":[{"href":"https:\/\/www.vavalabrocante-debarras-paris.fr\/index.php\/wp-json\/wp\/v2\/media?parent=788"}],"curies":[{"name":"wp","href":"https:\/\/api.w.org\/{rel}","templated":true}]}}