{"id":743,"date":"2023-10-26T09:54:41","date_gmt":"2023-10-26T07:54:41","guid":{"rendered":"https:\/\/www.vavalabrocante-debarras-paris.fr\/?page_id=743"},"modified":"2025-04-30T12:10:30","modified_gmt":"2025-04-30T10:10:30","slug":"antiquaire-brocanteur-gif-sur-yvette","status":"publish","type":"page","link":"https:\/\/www.vavalabrocante-debarras-paris.fr\/index.php\/antiquaire-brocanteur-gif-sur-yvette\/","title":{"rendered":"Antiquaire-Brocanteur Gif-sur-Yvette"},"content":{"rendered":"\n<div class=\"wp-block-cover\" style=\"min-height:400px;aspect-ratio:unset;\"><img loading=\"lazy\" decoding=\"async\" width=\"790\" height=\"424\" class=\"wp-block-cover__image-background wp-image-45\" alt=\"vava-la-brocante-brocanteur-debarras-chateauroux-36-indre-05\" src=\"https:\/\/www.vavalabrocante-debarras-paris.fr\/wp-content\/uploads\/2021\/06\/vava-la-brocante-brocanteur-debarras-chateauroux-36-indre-05.jpg\" style=\"object-position:50% 100%\" data-object-fit=\"cover\" data-object-position=\"50% 100%\" srcset=\"https:\/\/www.vavalabrocante-debarras-paris.fr\/wp-content\/uploads\/2021\/06\/vava-la-brocante-brocanteur-debarras-chateauroux-36-indre-05.jpg 790w, https:\/\/www.vavalabrocante-debarras-paris.fr\/wp-content\/uploads\/2021\/06\/vava-la-brocante-brocanteur-debarras-chateauroux-36-indre-05-300x161.jpg 300w, https:\/\/www.vavalabrocante-debarras-paris.fr\/wp-content\/uploads\/2021\/06\/vava-la-brocante-brocanteur-debarras-chateauroux-36-indre-05-768x412.jpg 768w\" sizes=\"auto, (max-width: 790px) 100vw, 790px\" \/><span aria-hidden=\"true\" class=\"wp-block-cover__background has-background-dim-20 has-background-dim\"><\/span><div class=\"wp-block-cover__inner-container is-layout-constrained wp-block-cover-is-layout-constrained\">\n<div class=\"wp-block-buttons has-custom-font-size has-large-font-size is-horizontal is-content-justification-center is-layout-flex wp-container-core-buttons-is-layout-937ffba9 wp-block-buttons-is-layout-flex\">\n<div class=\"wp-block-button is-style-outline is-style-outline--1\"><a class=\"wp-block-button__link has-base-3-color has-accent-background-color has-text-color has-background has-medium-font-size has-custom-font-size wp-element-button\" href=\"tel:06 60 98 86 82\" style=\"border-radius:0px\"><u><strong><strong><strong><strong><u><strong><strong>06 60 98 86 82<\/strong><\/strong><\/u><\/strong><\/strong><\/strong><\/strong><\/u><\/a><\/div>\n<\/div>\n\n\n\n<div style=\"height:25px\" aria-hidden=\"true\" class=\"wp-block-spacer\"><\/div>\n\n\n\n<div class=\"wp-block-buttons has-custom-font-size has-large-font-size is-horizontal is-content-justification-center is-layout-flex wp-container-core-buttons-is-layout-937ffba9 wp-block-buttons-is-layout-flex\">\n<div class=\"wp-block-button is-style-fill\"><a class=\"wp-block-button__link has-base-3-color has-accent-background-color has-text-color has-background has-medium-font-size has-custom-font-size wp-element-button\" href=\"https:\/\/www.vavalabrocante-debarras-paris.fr\/index.php\/contacter-vava-la-brocante-esoone-91-hauts-de-seine-92-yvelines-78-paris75-val-de-marne-94-seine-et-marne-77\/\" style=\"border-radius:0px\" target=\"_blank\" rel=\"noreferrer noopener\"><span style=\"text-decoration: underline;\"><strong><u><u>Demande d&#8217;estimation<\/u><\/u><\/strong><\/span><\/a><\/div>\n<\/div>\n\n\n\n<div style=\"height:50px\" aria-hidden=\"true\" class=\"wp-block-spacer\"><\/div>\n\n\n\n<div style=\"height:200px\" aria-hidden=\"true\" class=\"wp-block-spacer\"><\/div>\n\n\n\n<div style=\"height:50px\" aria-hidden=\"true\" class=\"wp-block-spacer\"><\/div>\n\n\n\n<p class=\"has-text-align-center has-base-3-color has-text-color has-x-large-font-size\"><strong>Vos objets, notre passion.<\/strong><\/p>\n<\/div><\/div>\n\n\n\n<div style=\"height:25px\" aria-hidden=\"true\" class=\"wp-block-spacer\"><\/div>\n\n\n\n<p class=\"has-text-align-center has-medium-font-size\"><u>Des objets \u00e0 acheter ou \u00e0 vendre ?<\/u><\/p>\n\n\n\n<p class=\"has-text-align-center has-large-font-size\">Obtenez les&nbsp;<strong>conseils gratuits<\/strong>&nbsp;de Zina Aouache, <u>antiquaire-brocanteur<\/u><br>\u200bpour l&#8217;<strong>achat et la vente de vos objets<\/strong><\/p>\n\n\n\n<div style=\"height:25px\" aria-hidden=\"true\" class=\"wp-block-spacer\"><\/div>\n\n\n\n<div class=\"wp-block-buttons is-horizontal is-content-justification-center is-layout-flex wp-container-core-buttons-is-layout-937ffba9 wp-block-buttons-is-layout-flex\">\n<div class=\"wp-block-button is-style-fill\"><a class=\"wp-block-button__link has-accent-background-color has-background has-medium-font-size has-custom-font-size wp-element-button\" href=\"tel:06 60 98 86 82\" style=\"border-radius:0px\"><strong>\u2713 Appelez-nous<\/strong><\/a><\/div>\n<\/div>\n\n\n\n<div style=\"height:10px\" aria-hidden=\"true\" class=\"wp-block-spacer\"><\/div>\n\n\n\n<p class=\"has-text-align-center\">Conseils &amp; Devis Gratuits<\/p>\n\n\n\n<div style=\"height:100px\" aria-hidden=\"true\" class=\"wp-block-spacer\"><\/div>\n\n\n\n<div class=\"wp-block-group\"><div class=\"wp-block-group__inner-container is-layout-constrained wp-block-group-is-layout-constrained\">\n<h1 class=\"wp-block-heading has-text-align-center\"><strong>Antiquaire-Brocanteur Gif-sur-Yvette<\/strong><\/h1>\n\n\n\n<p>La reconnaissance, l\u2019estimation et l\u2019achat des antiquit\u00e9s et des objets anciens sur le march\u00e9 sont \u00e0 la base du m\u00e9tier de brocanteur. L\u2019une des activit\u00e9s principales d\u2019un brocanteur est de fournir et de renouveler continuellement en objets anciens son stock. Nous recevons la visite r\u00e9guli\u00e8re d\u2019amateurs, de collectionneurs et de professionnels et l\u2019on se doit de leur offrir de nouvelles antiquit\u00e9s.<\/p>\n\n\n\n<h2 class=\"wp-block-heading\">La reconnaissance des antiquit\u00e9s et leurs valeurs sur le march\u00e9 des antiquit\u00e9s<\/h2>\n\n\n\n<p>La confiance que nous porte ces clients professionnels et \u00e9clair\u00e9s est d\u00fb \u00e0 la justesse de nos estimations et des achats aux meilleurs prix d\u2019antiquit\u00e9s que l\u2019on nous propose \u00e0 l\u2019occasion de d\u00e9barras ou d\u2019achats en salles de vente par exemple.<\/p>\n\n\n\n<h2 class=\"wp-block-heading\">La culture de l\u2019objet ancien<\/h2>\n\n\n\n<p>Le m\u00e9tier de brocanteur se fait par go\u00fbt des antiquit\u00e9s et des objets anciens de toute \u00e9poque jusqu\u2019au contemporain. Reconna\u00eetre un style, un fabricant, une facture d\u2019objet s\u2019\u00e9tudient au fur et \u00e0 mesure motiv\u00e9s par l\u2019envie de savoir.<\/p>\n\n\n\n<h3 class=\"wp-block-heading\">L\u2019avis d\u2019un brocanteur lors d\u2019une succession, d\u2019un partage<\/h3>\n\n\n\n<p>Sur Gif-sur-Yvette (91) et ses environs nous sommes r\u00e9guli\u00e8rement consult\u00e9s dans ces circonstances en tant que brocanteur. Avoir un avis ext\u00e9rieur sans affect pour les objets, antiquit\u00e9s et \u0153uvres d\u2019art par un connaisseur sur la r\u00e9elle valeur du march\u00e9 d\u2019antiquit\u00e9s permet de facilit\u00e9 les partages notamment.<\/p>\n\n\n\n<h3 class=\"wp-block-heading\">L\u2019authentification<\/h3>\n\n\n\n<p>Fr\u00e9quemment, des objets recherch\u00e9s ne sont pas sign\u00e9s ou la production de nouvelles s\u00e9ries sont import\u00e9es. Des d\u00e9tails sont r\u00e9v\u00e9lateurs pour un brocanteur averti dans authentification d\u2019une origine : l\u2019aspect g\u00e9n\u00e9ral, des traces d\u2019usures, la facture, les m\u00e9thodes de fabrication caract\u00e9ristiques de fabricants r\u00e9put\u00e9s\u2026 Un brocanteur avis\u00e9 fera tr\u00e8s vite la distinction, en cas de doute nous faisons appel \u00e0 un expert.<\/p>\n\n\n\n<h4 class=\"wp-block-heading\">Les d\u00e9barras une activit\u00e9 fr\u00e9quente de Vava La brocante \u00e0 Gif-sur-Yvette 91 et en Essonne<\/h4>\n\n\n\n<p>Les d\u00e9barras de maisons et d\u2019appartements dans le d\u00e9partement de l\u2019Essonne et ses environs sont pour notre m\u00e9tier de brocanteur une source importante pour alimenter notre stock. Nous sommes \u00e9quip\u00e9s en cons\u00e9quence et nous pouvons tr\u00e8s rapidement d\u00e9barrasser une maison ou un appartement.<\/p>\n\n\n\n<p><a href=\"https:\/\/www.vavalabrocante-debarras-paris.fr\/\" target=\"_blank\" rel=\"noreferrer noopener\">Antiquaire-Brocanteur Essonne 91<\/a><\/p>\n\n\n\n<p><a href=\"https:\/\/www.vavalabrocante-debarras-paris.fr\/index.php\/antiquaire-brocanteur-saint-michel-sur-orge\/\" target=\"_blank\" rel=\"noreferrer noopener\">Antiquaire-Brocanteur Saint-Michel-sur-Orge<\/a><\/p>\n<\/div><\/div>\n\n\n\n<div class=\"wp-block-group\"><div class=\"wp-block-group__inner-container is-layout-constrained wp-block-group-is-layout-constrained\">\n<h2 class=\"wp-block-heading has-text-align-center\"><strong>Faites-nous part de votre projet<\/strong><\/h2>\n\n\n\n<div style=\"height:25px\" aria-hidden=\"true\" class=\"wp-block-spacer\"><\/div>\n\n\n\n<div class=\"wpcf7 no-js\" id=\"wpcf7-f1249-o1\" lang=\"en-US\" dir=\"ltr\" data-wpcf7-id=\"1249\">\n<div class=\"screen-reader-response\"><p role=\"status\" aria-live=\"polite\" aria-atomic=\"true\"><\/p> <ul><\/ul><\/div>\n<form action=\"\/index.php\/wp-json\/wp\/v2\/pages\/743#wpcf7-f1249-o1\" method=\"post\" class=\"wpcf7-form init\" aria-label=\"Contact form\" enctype=\"multipart\/form-data\" novalidate=\"novalidate\" data-status=\"init\">\n<div style=\"display: none;\">\n<input type=\"hidden\" name=\"_wpcf7\" value=\"1249\" \/>\n<input type=\"hidden\" name=\"_wpcf7_version\" value=\"6.0.6\" \/>\n<input type=\"hidden\" name=\"_wpcf7_locale\" value=\"en_US\" \/>\n<input type=\"hidden\" name=\"_wpcf7_unit_tag\" value=\"wpcf7-f1249-o1\" \/>\n<input type=\"hidden\" name=\"_wpcf7_container_post\" value=\"0\" \/>\n<input type=\"hidden\" name=\"_wpcf7_posted_data_hash\" value=\"\" \/>\n<input type=\"hidden\" name=\"_wpcf7_recaptcha_response\" value=\"\" \/>\n<\/div>\n<p><label> Nom et pr\u00e9nom<br \/>\n<span class=\"wpcf7-form-control-wrap\" data-name=\"your-name\"><input size=\"40\" maxlength=\"400\" class=\"wpcf7-form-control wpcf7-text wpcf7-validates-as-required\" autocomplete=\"name\" aria-required=\"true\" aria-invalid=\"false\" value=\"\" type=\"text\" name=\"your-name\" \/><\/span> <\/label>\n<\/p>\n<p><label> Email<br \/>\n<span class=\"wpcf7-form-control-wrap\" data-name=\"your-email\"><input size=\"40\" maxlength=\"400\" class=\"wpcf7-form-control wpcf7-email wpcf7-validates-as-required wpcf7-text wpcf7-validates-as-email\" autocomplete=\"email\" aria-required=\"true\" aria-invalid=\"false\" value=\"\" type=\"email\" name=\"your-email\" \/><\/span> <\/label>\n<\/p>\n<p><label> T\u00e9l\u00e9phone<br \/>\n<span class=\"wpcf7-form-control-wrap\" data-name=\"tel-520\"><input size=\"40\" maxlength=\"400\" class=\"wpcf7-form-control wpcf7-tel wpcf7-validates-as-required wpcf7-text wpcf7-validates-as-tel\" aria-required=\"true\" aria-invalid=\"false\" value=\"\" type=\"tel\" name=\"tel-520\" \/><\/span> <\/label>\n<\/p>\n<p><label> Ville<br \/>\n<span class=\"wpcf7-form-control-wrap\" data-name=\"text-994\"><input size=\"40\" maxlength=\"400\" class=\"wpcf7-form-control wpcf7-text wpcf7-validates-as-required\" aria-required=\"true\" aria-invalid=\"false\" value=\"\" type=\"text\" name=\"text-994\" \/><\/span> <\/label>\n<\/p>\n<p><label> Message<br \/>\n<span class=\"wpcf7-form-control-wrap\" data-name=\"your-message\"><textarea cols=\"40\" rows=\"10\" maxlength=\"2000\" class=\"wpcf7-form-control wpcf7-textarea\" aria-invalid=\"false\" name=\"your-message\"><\/textarea><\/span> <\/label>\n<\/p>\n<p><span class=\"wpcf7-form-control-wrap\" data-name=\"file-1\"><input size=\"40\" class=\"wpcf7-form-control wpcf7-file\" accept=\".gif,.png,.jpg,.jpeg\" aria-invalid=\"false\" type=\"file\" name=\"file-1\" \/><\/span><br \/>\n<span class=\"wpcf7-form-control-wrap\" data-name=\"file-2\"><input size=\"40\" class=\"wpcf7-form-control wpcf7-file\" accept=\".gif,.png,.jpg,.jpeg\" aria-invalid=\"false\" type=\"file\" name=\"file-2\" \/><\/span><br \/>\n<span class=\"wpcf7-form-control-wrap\" data-name=\"file-3\"><input size=\"40\" class=\"wpcf7-form-control wpcf7-file\" accept=\".gif,.png,.jpg,.jpeg\" aria-invalid=\"false\" type=\"file\" name=\"file-3\" \/><\/span><br \/>\n<span class=\"wpcf7-form-control-wrap\" data-name=\"file-4\"><input size=\"40\" class=\"wpcf7-form-control wpcf7-file\" accept=\".gif,.png,.jpg,.jpeg\" aria-invalid=\"false\" type=\"file\" name=\"file-4\" \/><\/span><br \/>\n<span class=\"wpcf7-form-control-wrap\" data-name=\"file-5\"><input size=\"40\" class=\"wpcf7-form-control wpcf7-file\" accept=\".gif,.png,.jpg,.jpeg\" aria-invalid=\"false\" type=\"file\" name=\"file-5\" \/><\/span>\n<\/p>\n<p><input class=\"wpcf7-form-control wpcf7-submit has-spinner\" type=\"submit\" value=\"Envoyer\" \/>\n<\/p><div class=\"wpcf7-response-output\" aria-hidden=\"true\"><\/div>\n<\/form>\n<\/div>\n\n\n\n\n<div style=\"height:100px\" aria-hidden=\"true\" class=\"wp-block-spacer\"><\/div>\n<\/div><\/div>\n","protected":false},"excerpt":{"rendered":"<p>Des objets \u00e0 acheter ou \u00e0 vendre ? Obtenez les&nbsp;conseils gratuits&nbsp;de Zina Aouache, antiquaire-brocanteur\u200bpour l&#8217;achat et la vente de vos objets Conseils &amp; Devis Gratuits Antiquaire-Brocanteur Gif-sur-Yvette La reconnaissance, l\u2019estimation et l\u2019achat des antiquit\u00e9s et des objets anciens sur le march\u00e9 sont \u00e0 la base du m\u00e9tier de brocanteur. L\u2019une des activit\u00e9s principales d\u2019un brocanteur &#8230; <a title=\"Antiquaire-Brocanteur Gif-sur-Yvette\" class=\"read-more\" href=\"https:\/\/www.vavalabrocante-debarras-paris.fr\/index.php\/antiquaire-brocanteur-gif-sur-yvette\/\" aria-label=\"More on Antiquaire-Brocanteur Gif-sur-Yvette\">Read more<\/a><\/p>\n","protected":false},"author":5,"featured_media":0,"parent":0,"menu_order":0,"comment_status":"closed","ping_status":"closed","template":"","meta":{"footnotes":""},"class_list":["post-743","page","type-page","status-publish"],"yoast_head":"<!-- This site is optimized with the Yoast SEO plugin v24.9 - https:\/\/yoast.com\/wordpress\/plugins\/seo\/ -->\n<title>Antiquaire-Brocanteur Gif-sur-Yvette | Vava La Brocante<\/title>\n<meta name=\"description\" content=\"Antiquaire-Brocanteur Gif-sur-Yvette - Estimation &amp; Succession d\u2019objets anciens et de collection. D\u00e9placement ET devis gratuits au 06 60 98 86 82\" \/>\n<meta name=\"robots\" content=\"index, follow, max-snippet:-1, max-image-preview:large, max-video-preview:-1\" \/>\n<link rel=\"canonical\" href=\"https:\/\/www.vavalabrocante-debarras-paris.fr\/index.php\/antiquaire-brocanteur-gif-sur-yvette\/\" \/>\n<meta property=\"og:locale\" content=\"en_US\" \/>\n<meta property=\"og:type\" content=\"article\" \/>\n<meta property=\"og:title\" content=\"Antiquaire-Brocanteur Gif-sur-Yvette | Vava La Brocante\" \/>\n<meta property=\"og:description\" content=\"Antiquaire-Brocanteur Gif-sur-Yvette - Estimation &amp; Succession d\u2019objets anciens et de collection. D\u00e9placement ET devis gratuits au 06 60 98 86 82\" \/>\n<meta property=\"og:url\" content=\"https:\/\/www.vavalabrocante-debarras-paris.fr\/index.php\/antiquaire-brocanteur-gif-sur-yvette\/\" \/>\n<meta property=\"og:site_name\" content=\"Vava La brocante, Brocanteur, d\u00e9barras Maison Appartement\" \/>\n<meta property=\"article:modified_time\" content=\"2025-04-30T10:10:30+00:00\" \/>\n<meta property=\"og:image\" content=\"https:\/\/www.vavalabrocante-debarras-paris.fr\/wp-content\/uploads\/2021\/06\/vava-la-brocante-brocanteur-debarras-chateauroux-36-indre-05.jpg\" \/>\n\t<meta property=\"og:image:width\" content=\"790\" \/>\n\t<meta property=\"og:image:height\" content=\"424\" \/>\n\t<meta property=\"og:image:type\" content=\"image\/jpeg\" \/>\n<meta name=\"twitter:card\" content=\"summary_large_image\" \/>\n<meta name=\"twitter:label1\" content=\"Est. reading time\" \/>\n\t<meta name=\"twitter:data1\" content=\"2 minutes\" \/>\n<script type=\"application\/ld+json\" class=\"yoast-schema-graph\">{\"@context\":\"https:\/\/schema.org\",\"@graph\":[{\"@type\":\"WebPage\",\"@id\":\"https:\/\/www.vavalabrocante-debarras-paris.fr\/index.php\/antiquaire-brocanteur-gif-sur-yvette\/\",\"url\":\"https:\/\/www.vavalabrocante-debarras-paris.fr\/index.php\/antiquaire-brocanteur-gif-sur-yvette\/\",\"name\":\"Antiquaire-Brocanteur Gif-sur-Yvette | Vava La Brocante\",\"isPartOf\":{\"@id\":\"https:\/\/www.vavalabrocante-debarras-paris.fr\/#website\"},\"primaryImageOfPage\":{\"@id\":\"https:\/\/www.vavalabrocante-debarras-paris.fr\/index.php\/antiquaire-brocanteur-gif-sur-yvette\/#primaryimage\"},\"image\":{\"@id\":\"https:\/\/www.vavalabrocante-debarras-paris.fr\/index.php\/antiquaire-brocanteur-gif-sur-yvette\/#primaryimage\"},\"thumbnailUrl\":\"https:\/\/www.vavalabrocante-debarras-paris.fr\/wp-content\/uploads\/2021\/06\/vava-la-brocante-brocanteur-debarras-chateauroux-36-indre-05.jpg\",\"datePublished\":\"2023-10-26T07:54:41+00:00\",\"dateModified\":\"2025-04-30T10:10:30+00:00\",\"description\":\"Antiquaire-Brocanteur Gif-sur-Yvette - Estimation & Succession d\u2019objets anciens et de collection. D\u00e9placement ET devis gratuits au 06 60 98 86 82\",\"breadcrumb\":{\"@id\":\"https:\/\/www.vavalabrocante-debarras-paris.fr\/index.php\/antiquaire-brocanteur-gif-sur-yvette\/#breadcrumb\"},\"inLanguage\":\"en-US\",\"potentialAction\":[{\"@type\":\"ReadAction\",\"target\":[\"https:\/\/www.vavalabrocante-debarras-paris.fr\/index.php\/antiquaire-brocanteur-gif-sur-yvette\/\"]}]},{\"@type\":\"ImageObject\",\"inLanguage\":\"en-US\",\"@id\":\"https:\/\/www.vavalabrocante-debarras-paris.fr\/index.php\/antiquaire-brocanteur-gif-sur-yvette\/#primaryimage\",\"url\":\"https:\/\/www.vavalabrocante-debarras-paris.fr\/wp-content\/uploads\/2021\/06\/vava-la-brocante-brocanteur-debarras-chateauroux-36-indre-05.jpg\",\"contentUrl\":\"https:\/\/www.vavalabrocante-debarras-paris.fr\/wp-content\/uploads\/2021\/06\/vava-la-brocante-brocanteur-debarras-chateauroux-36-indre-05.jpg\",\"width\":790,\"height\":424,\"caption\":\"vava-la-brocante-brocanteur-debarras-chateauroux-36-indre-05\"},{\"@type\":\"BreadcrumbList\",\"@id\":\"https:\/\/www.vavalabrocante-debarras-paris.fr\/index.php\/antiquaire-brocanteur-gif-sur-yvette\/#breadcrumb\",\"itemListElement\":[{\"@type\":\"ListItem\",\"position\":1,\"name\":\"Accueil\",\"item\":\"https:\/\/www.vavalabrocante-debarras-paris.fr\/\"},{\"@type\":\"ListItem\",\"position\":2,\"name\":\"Antiquaire-Brocanteur Gif-sur-Yvette\"}]},{\"@type\":\"WebSite\",\"@id\":\"https:\/\/www.vavalabrocante-debarras-paris.fr\/#website\",\"url\":\"https:\/\/www.vavalabrocante-debarras-paris.fr\/\",\"name\":\"Vava La brocante, Brocanteur, d\u00e9barras Maison Appartement\",\"description\":\"Vava La brocante, Brocanteur, d\u00e9barras Maison Appartement\",\"publisher\":{\"@id\":\"https:\/\/www.vavalabrocante-debarras-paris.fr\/#organization\"},\"potentialAction\":[{\"@type\":\"SearchAction\",\"target\":{\"@type\":\"EntryPoint\",\"urlTemplate\":\"https:\/\/www.vavalabrocante-debarras-paris.fr\/?s={search_term_string}\"},\"query-input\":{\"@type\":\"PropertyValueSpecification\",\"valueRequired\":true,\"valueName\":\"search_term_string\"}}],\"inLanguage\":\"en-US\"},{\"@type\":\"Organization\",\"@id\":\"https:\/\/www.vavalabrocante-debarras-paris.fr\/#organization\",\"name\":\"Vava La brocante, Brocanteur, d\u00e9barras Maison Appartement\",\"url\":\"https:\/\/www.vavalabrocante-debarras-paris.fr\/\",\"logo\":{\"@type\":\"ImageObject\",\"inLanguage\":\"en-US\",\"@id\":\"https:\/\/www.vavalabrocante-debarras-paris.fr\/#\/schema\/logo\/image\/\",\"url\":\"https:\/\/www.vavalabrocante-debarras-paris.fr\/wp-content\/uploads\/2023\/12\/logo_vavalabrocante.png\",\"contentUrl\":\"https:\/\/www.vavalabrocante-debarras-paris.fr\/wp-content\/uploads\/2023\/12\/logo_vavalabrocante.png\",\"width\":350,\"height\":70,\"caption\":\"Vava La brocante, Brocanteur, d\u00e9barras Maison Appartement\"},\"image\":{\"@id\":\"https:\/\/www.vavalabrocante-debarras-paris.fr\/#\/schema\/logo\/image\/\"}}]}<\/script>\n<!-- \/ Yoast SEO plugin. -->","yoast_head_json":{"title":"Antiquaire-Brocanteur Gif-sur-Yvette | Vava La Brocante","description":"Antiquaire-Brocanteur Gif-sur-Yvette - Estimation & Succession d\u2019objets anciens et de collection. D\u00e9placement ET devis gratuits au 06 60 98 86 82","robots":{"index":"index","follow":"follow","max-snippet":"max-snippet:-1","max-image-preview":"max-image-preview:large","max-video-preview":"max-video-preview:-1"},"canonical":"https:\/\/www.vavalabrocante-debarras-paris.fr\/index.php\/antiquaire-brocanteur-gif-sur-yvette\/","og_locale":"en_US","og_type":"article","og_title":"Antiquaire-Brocanteur Gif-sur-Yvette | Vava La Brocante","og_description":"Antiquaire-Brocanteur Gif-sur-Yvette - Estimation & Succession d\u2019objets anciens et de collection. D\u00e9placement ET devis gratuits au 06 60 98 86 82","og_url":"https:\/\/www.vavalabrocante-debarras-paris.fr\/index.php\/antiquaire-brocanteur-gif-sur-yvette\/","og_site_name":"Vava La brocante, Brocanteur, d\u00e9barras Maison Appartement","article_modified_time":"2025-04-30T10:10:30+00:00","og_image":[{"width":790,"height":424,"url":"https:\/\/www.vavalabrocante-debarras-paris.fr\/wp-content\/uploads\/2021\/06\/vava-la-brocante-brocanteur-debarras-chateauroux-36-indre-05.jpg","type":"image\/jpeg"}],"twitter_card":"summary_large_image","twitter_misc":{"Est. reading time":"2 minutes"},"schema":{"@context":"https:\/\/schema.org","@graph":[{"@type":"WebPage","@id":"https:\/\/www.vavalabrocante-debarras-paris.fr\/index.php\/antiquaire-brocanteur-gif-sur-yvette\/","url":"https:\/\/www.vavalabrocante-debarras-paris.fr\/index.php\/antiquaire-brocanteur-gif-sur-yvette\/","name":"Antiquaire-Brocanteur Gif-sur-Yvette | Vava La Brocante","isPartOf":{"@id":"https:\/\/www.vavalabrocante-debarras-paris.fr\/#website"},"primaryImageOfPage":{"@id":"https:\/\/www.vavalabrocante-debarras-paris.fr\/index.php\/antiquaire-brocanteur-gif-sur-yvette\/#primaryimage"},"image":{"@id":"https:\/\/www.vavalabrocante-debarras-paris.fr\/index.php\/antiquaire-brocanteur-gif-sur-yvette\/#primaryimage"},"thumbnailUrl":"https:\/\/www.vavalabrocante-debarras-paris.fr\/wp-content\/uploads\/2021\/06\/vava-la-brocante-brocanteur-debarras-chateauroux-36-indre-05.jpg","datePublished":"2023-10-26T07:54:41+00:00","dateModified":"2025-04-30T10:10:30+00:00","description":"Antiquaire-Brocanteur Gif-sur-Yvette - Estimation & Succession d\u2019objets anciens et de collection. D\u00e9placement ET devis gratuits au 06 60 98 86 82","breadcrumb":{"@id":"https:\/\/www.vavalabrocante-debarras-paris.fr\/index.php\/antiquaire-brocanteur-gif-sur-yvette\/#breadcrumb"},"inLanguage":"en-US","potentialAction":[{"@type":"ReadAction","target":["https:\/\/www.vavalabrocante-debarras-paris.fr\/index.php\/antiquaire-brocanteur-gif-sur-yvette\/"]}]},{"@type":"ImageObject","inLanguage":"en-US","@id":"https:\/\/www.vavalabrocante-debarras-paris.fr\/index.php\/antiquaire-brocanteur-gif-sur-yvette\/#primaryimage","url":"https:\/\/www.vavalabrocante-debarras-paris.fr\/wp-content\/uploads\/2021\/06\/vava-la-brocante-brocanteur-debarras-chateauroux-36-indre-05.jpg","contentUrl":"https:\/\/www.vavalabrocante-debarras-paris.fr\/wp-content\/uploads\/2021\/06\/vava-la-brocante-brocanteur-debarras-chateauroux-36-indre-05.jpg","width":790,"height":424,"caption":"vava-la-brocante-brocanteur-debarras-chateauroux-36-indre-05"},{"@type":"BreadcrumbList","@id":"https:\/\/www.vavalabrocante-debarras-paris.fr\/index.php\/antiquaire-brocanteur-gif-sur-yvette\/#breadcrumb","itemListElement":[{"@type":"ListItem","position":1,"name":"Accueil","item":"https:\/\/www.vavalabrocante-debarras-paris.fr\/"},{"@type":"ListItem","position":2,"name":"Antiquaire-Brocanteur Gif-sur-Yvette"}]},{"@type":"WebSite","@id":"https:\/\/www.vavalabrocante-debarras-paris.fr\/#website","url":"https:\/\/www.vavalabrocante-debarras-paris.fr\/","name":"Vava La brocante, Brocanteur, d\u00e9barras Maison Appartement","description":"Vava La brocante, Brocanteur, d\u00e9barras Maison Appartement","publisher":{"@id":"https:\/\/www.vavalabrocante-debarras-paris.fr\/#organization"},"potentialAction":[{"@type":"SearchAction","target":{"@type":"EntryPoint","urlTemplate":"https:\/\/www.vavalabrocante-debarras-paris.fr\/?s={search_term_string}"},"query-input":{"@type":"PropertyValueSpecification","valueRequired":true,"valueName":"search_term_string"}}],"inLanguage":"en-US"},{"@type":"Organization","@id":"https:\/\/www.vavalabrocante-debarras-paris.fr\/#organization","name":"Vava La brocante, Brocanteur, d\u00e9barras Maison Appartement","url":"https:\/\/www.vavalabrocante-debarras-paris.fr\/","logo":{"@type":"ImageObject","inLanguage":"en-US","@id":"https:\/\/www.vavalabrocante-debarras-paris.fr\/#\/schema\/logo\/image\/","url":"https:\/\/www.vavalabrocante-debarras-paris.fr\/wp-content\/uploads\/2023\/12\/logo_vavalabrocante.png","contentUrl":"https:\/\/www.vavalabrocante-debarras-paris.fr\/wp-content\/uploads\/2023\/12\/logo_vavalabrocante.png","width":350,"height":70,"caption":"Vava La brocante, Brocanteur, d\u00e9barras Maison Appartement"},"image":{"@id":"https:\/\/www.vavalabrocante-debarras-paris.fr\/#\/schema\/logo\/image\/"}}]}},"_links":{"self":[{"href":"https:\/\/www.vavalabrocante-debarras-paris.fr\/index.php\/wp-json\/wp\/v2\/pages\/743","targetHints":{"allow":["GET"]}}],"collection":[{"href":"https:\/\/www.vavalabrocante-debarras-paris.fr\/index.php\/wp-json\/wp\/v2\/pages"}],"about":[{"href":"https:\/\/www.vavalabrocante-debarras-paris.fr\/index.php\/wp-json\/wp\/v2\/types\/page"}],"author":[{"embeddable":true,"href":"https:\/\/www.vavalabrocante-debarras-paris.fr\/index.php\/wp-json\/wp\/v2\/users\/5"}],"replies":[{"embeddable":true,"href":"https:\/\/www.vavalabrocante-debarras-paris.fr\/index.php\/wp-json\/wp\/v2\/comments?post=743"}],"version-history":[{"count":6,"href":"https:\/\/www.vavalabrocante-debarras-paris.fr\/index.php\/wp-json\/wp\/v2\/pages\/743\/revisions"}],"predecessor-version":[{"id":1273,"href":"https:\/\/www.vavalabrocante-debarras-paris.fr\/index.php\/wp-json\/wp\/v2\/pages\/743\/revisions\/1273"}],"wp:attachment":[{"href":"https:\/\/www.vavalabrocante-debarras-paris.fr\/index.php\/wp-json\/wp\/v2\/media?parent=743"}],"curies":[{"name":"wp","href":"https:\/\/api.w.org\/{rel}","templated":true}]}}