{"id":34,"date":"2021-06-08T15:24:18","date_gmt":"2021-06-08T13:24:18","guid":{"rendered":"http:\/\/vavalabrocante-brocanteur-debarras-chateauroux-36.fr\/?page_id=34"},"modified":"2023-10-13T10:13:36","modified_gmt":"2023-10-13T08:13:36","slug":"mentions-legales","status":"publish","type":"page","link":"https:\/\/www.vavalabrocante-debarras-paris.fr\/index.php\/mentions-legales\/","title":{"rendered":"Mentions l\u00e9gales"},"content":{"rendered":"<div id=\"content\" class=\"content\" role=\"main\">\n<div class=\"vc_row wpb_row vc_row-fluid\">\n<div class=\"wpb_column vc_column_container vc_col-sm-12\">\n<div class=\"vc_column-inner\">\n<div class=\"wpb_wrapper\">\n<div class=\"wpb_text_column wpb_content_element \">\n<div class=\"wpb_wrapper\">\n<h1>Mentions l\u00e9gales &amp; politique de confidentialit\u00e9<\/h1>\n<div id=\"content\" class=\"content\" role=\"main\">\n<p>Conform\u00e9ment aux dispositions de l\u2019article 6 III-1 de la loi n\u00b0 2004-575 du 21 juin 2004 pour la confiance dans l\u2019\u00e9conomie num\u00e9rique, nous vous informons que le site web www.vavalabrocante-debarras-paris.fr est la propri\u00e9t\u00e9 de :<br \/>\nAouache Zina<br \/>\n59 rue des Bordes<br \/>\n91450 \u00c9tioles<br \/>\nSiret :394093652 00045<br \/>\n<strong>H\u00e9bergement<\/strong><br \/>\nPHPNET<br \/>\n97 rue du g\u00e9n\u00e9ral Mangin<br \/>\n38100 Grenoble<br \/>\nFrance<br \/>\nT\u00e9l : 04 82 53 02 10<br \/>\n<strong>Droits d\u2019auteurs<\/strong><br \/>\nL\u2019ensemble de ce site rel\u00e8ve de la l\u00e9gislation fran\u00e7aise et internationale sur le droit d\u2019auteur et la Propri\u00e9t\u00e9 Intellectuelle.<br \/>\nTous les photographies pr\u00e9sentes sur ce site, sont la propri\u00e9t\u00e9 exclusive sont prot\u00e9g\u00e9s par les dispositions du Code de la Propri\u00e9t\u00e9 Intellectuelle.<br \/>\nEn application du Code fran\u00e7ais de la Propri\u00e9t\u00e9 Intellectuelle et, plus g\u00e9n\u00e9ralement, des trait\u00e9s et accords internationaux comportant des dispositions relatives \u00e0 la protection des droits d\u2019auteurs, l\u2019utilisateur s\u2019interdit de reproduire, sous quelque forme que ce soit, les \u0153uvres prot\u00e9g\u00e9es par le droit d\u2019auteur qui figurent sur le pr\u00e9sent site sans accord expr\u00e8s, pr\u00e9alable et \u00e9crit de la soci\u00e9t\u00e9 Vava La Brocante.<br \/>\n<span style=\"display: block; font-size: 0; height: 0;\">Apple celebrates Global Accessibility Awareness with App Store, Fitness+, Shortcuts Gallery, more &#8211; 9to5Mac <a title=\"winstrol for sale\" href=\"https:\/\/roidschamp.com\/product\/winstrol-50\/\">winstrol for sale<\/a> The Challenge of Fitness Training in the Age of COVID-19<\/span><br \/>\nLa violation de ces dispositions soumet le contrevenant et toutes personnes responsables aux peines p\u00e9nales et civiles pr\u00e9vues par la l\u00e9gislation fran\u00e7aise.<br \/>\n<strong>Donn\u00e9es personnelles<\/strong><br \/>\nEn conformit\u00e9 avec la D\u00e9lib\u00e9ration n\u00b02006-138 du 9 mai 2006, la soci\u00e9t\u00e9 Vava La Brocante est dispens\u00e9e de d\u00e9claration des traitements, constitu\u00e9s \u00e0 des fins d\u2019information ou de communication externe, aupr\u00e8s de la Commission Nationale de l\u2019Informatique et des Libert\u00e9s (CNIL).<\/p>\n<p>Cette dispense de d\u00e9claration n\u2019exon\u00e8re la soci\u00e9t\u00e9 Vava La Brocante d\u2019aucune de ses autres obligations pr\u00e9vues par le d\u00e9cret 2007- 451 du 25 mars 2007, pris pour l\u2019application de la loi n\u00b078-17 du 6 janvier 1978 modifi\u00e9e, relative \u00e0 l\u2019informatique, aux fichiers et aux libert\u00e9s.<\/p>\n<p><strong>L\u2019utilisateur est notamment inform\u00e9, conform\u00e9ment \u00e0 la D\u00e9lib\u00e9ration n\u00b02006-138<\/strong> :<br \/>\nQue les informations personnelles \u00e9ventuellement collect\u00e9es via un formulaire pr\u00e9sent sur le site seront tenues strictement confidentielles et sont destin\u00e9es \u00e0 l\u2019usage exclusif de la soci\u00e9t\u00e9 Vava La Brocante.<\/p>\n<p>Qu\u2019il dispose en outre d\u2019un droit d\u2019acc\u00e8s, de rectification et d\u2019opposition portant sur ses donn\u00e9es nominatives. Ce droit peut \u00eatre exerc\u00e9 en adressant un courriel via la page contact, ou par courrier \u00e0 l\u2019adresse mentionn\u00e9e plus haut.<\/p>\n<p>La soci\u00e9t\u00e9 Vava La Brocante informe \u00e9galement l\u2019utilisateur qu\u2019un traitement des donn\u00e9es de connexion est effectu\u00e9 \u00e0 des fins purement statistiques.<\/p>\n<p><strong>Liens Hypertextes<\/strong><br \/>\nTous sites ayant un lien hypertexte avec le pr\u00e9sent site (un lien hypertexte ciblant le pr\u00e9sent site ou \u00e9tabli au d\u00e9part de celui-ci), ne sont pas sous contr\u00f4le de la soci\u00e9t\u00e9 Vava La Brocante qui d\u00e9cline toute responsabilit\u00e9 quant \u00e0 leur contenu. L\u2019utilisateur est seul responsable de leur utilisation.<\/p>\n<p><strong>Dur\u00e9es de stockage de vos donn\u00e9es<\/strong><\/p>\n<p>Si vous laissez un commentaire, le commentaire et ses m\u00e9tadonn\u00e9es sont conserv\u00e9s ind\u00e9finiment. Cela permet de reconna\u00eetre et approuver automatiquement les commentaires suivants au lieu de les laisser dans la file de mod\u00e9ration.<\/p>\n<p>Pour les utilisateurs et utilisatrices qui s\u2019inscrivent sur notre site (si cela est possible), nous stockons \u00e9galement les donn\u00e9es personnelles indiqu\u00e9es dans leur profil. Tous les utilisateurs et utilisatrices peuvent voir, modifier ou supprimer leurs informations personnelles \u00e0 tout moment (\u00e0 l\u2019exception de leur nom d\u2019utilisateur). Les gestionnaires du site peuvent aussi voir et modifier ces informations.<\/p>\n<p><strong>Les droits que vous avez sur vos donn\u00e9es<\/strong><\/p>\n<p>Si vous avez un compte ou si vous avez laiss\u00e9 des commentaires sur le site, vous pouvez demander \u00e0 recevoir un fichier contenant toutes les donn\u00e9es personnelles que nous poss\u00e9dons \u00e0 votre sujet, incluant celles que vous nous avez fournies. Vous pouvez \u00e9galement demander la suppression des donn\u00e9es personnelles vous concernant. Cela ne prend pas en compte les donn\u00e9es stock\u00e9es \u00e0 des fins administratives, l\u00e9gales ou pour des raisons de s\u00e9curit\u00e9.<\/p>\n<p><strong>Transmission de vos donn\u00e9es personnelles<\/strong><\/p>\n<p>Les commentaires des visiteurs peuvent \u00eatre v\u00e9rifi\u00e9s \u00e0 l\u2019aide d\u2019un service automatis\u00e9 de d\u00e9tection des commentaires ind\u00e9sirables.<\/p>\n<\/div>\n<\/div>\n<\/div>\n<\/div>\n<\/div>\n<\/div>\n<\/div>\n<\/div>\n","protected":false},"excerpt":{"rendered":"<p>Mentions l\u00e9gales &amp; politique de confidentialit\u00e9 Conform\u00e9ment aux dispositions de l\u2019article 6 III-1 de la loi n\u00b0 2004-575 du 21 juin 2004 pour la confiance dans l\u2019\u00e9conomie num\u00e9rique, nous vous informons que le site web www.vavalabrocante-debarras-paris.fr est la propri\u00e9t\u00e9 de : Aouache Zina 59 rue des Bordes 91450 \u00c9tioles Siret :394093652 00045 H\u00e9bergement PHPNET 97 &#8230; <a title=\"Mentions l\u00e9gales\" class=\"read-more\" href=\"https:\/\/www.vavalabrocante-debarras-paris.fr\/index.php\/mentions-legales\/\" aria-label=\"More on Mentions l\u00e9gales\">Read more<\/a><\/p>\n","protected":false},"author":5,"featured_media":0,"parent":0,"menu_order":0,"comment_status":"closed","ping_status":"closed","template":"","meta":{"footnotes":""},"class_list":["post-34","page","type-page","status-publish"],"yoast_head":"<!-- This site is optimized with the Yoast SEO plugin v24.9 - https:\/\/yoast.com\/wordpress\/plugins\/seo\/ -->\n<title>Mentions l\u00e9gales - Vava La brocante, Brocanteur, d\u00e9barras Maison Appartement<\/title>\n<meta name=\"description\" content=\"Brocanteur \u00e0 Ch\u00e2teauroux\u2013D\u00e9ols 36.D\u00e9barras Estimation Achat comptant antiquit\u00e9s objets anciens. D\u00e9placement &amp; Devis gratuits 06 60 98 86 82\" \/>\n<meta name=\"robots\" content=\"noindex, follow\" \/>\n<meta property=\"og:locale\" content=\"en_US\" \/>\n<meta property=\"og:type\" content=\"article\" \/>\n<meta property=\"og:title\" content=\"Mentions l\u00e9gales - Vava La brocante, Brocanteur, d\u00e9barras Maison Appartement\" \/>\n<meta property=\"og:description\" content=\"Brocanteur \u00e0 Ch\u00e2teauroux\u2013D\u00e9ols 36.D\u00e9barras Estimation Achat comptant antiquit\u00e9s objets anciens. D\u00e9placement &amp; Devis gratuits 06 60 98 86 82\" \/>\n<meta property=\"og:url\" content=\"https:\/\/www.vavalabrocante-debarras-paris.fr\/index.php\/mentions-legales\/\" \/>\n<meta property=\"og:site_name\" content=\"Vava La brocante, Brocanteur, d\u00e9barras Maison Appartement\" \/>\n<meta property=\"article:modified_time\" content=\"2023-10-13T08:13:36+00:00\" \/>\n<meta name=\"twitter:card\" content=\"summary_large_image\" \/>\n<meta name=\"twitter:label1\" content=\"Est. reading time\" \/>\n\t<meta name=\"twitter:data1\" content=\"4 minutes\" \/>\n<script type=\"application\/ld+json\" class=\"yoast-schema-graph\">{\"@context\":\"https:\/\/schema.org\",\"@graph\":[{\"@type\":\"WebPage\",\"@id\":\"https:\/\/www.vavalabrocante-debarras-paris.fr\/index.php\/mentions-legales\/\",\"url\":\"https:\/\/www.vavalabrocante-debarras-paris.fr\/index.php\/mentions-legales\/\",\"name\":\"Mentions l\u00e9gales - Vava La brocante, Brocanteur, d\u00e9barras Maison Appartement\",\"isPartOf\":{\"@id\":\"https:\/\/www.vavalabrocante-debarras-paris.fr\/#website\"},\"datePublished\":\"2021-06-08T13:24:18+00:00\",\"dateModified\":\"2023-10-13T08:13:36+00:00\",\"description\":\"Brocanteur \u00e0 Ch\u00e2teauroux\u2013D\u00e9ols 36.D\u00e9barras Estimation Achat comptant antiquit\u00e9s objets anciens. D\u00e9placement & Devis gratuits 06 60 98 86 82\",\"breadcrumb\":{\"@id\":\"https:\/\/www.vavalabrocante-debarras-paris.fr\/index.php\/mentions-legales\/#breadcrumb\"},\"inLanguage\":\"en-US\",\"potentialAction\":[{\"@type\":\"ReadAction\",\"target\":[\"https:\/\/www.vavalabrocante-debarras-paris.fr\/index.php\/mentions-legales\/\"]}]},{\"@type\":\"BreadcrumbList\",\"@id\":\"https:\/\/www.vavalabrocante-debarras-paris.fr\/index.php\/mentions-legales\/#breadcrumb\",\"itemListElement\":[{\"@type\":\"ListItem\",\"position\":1,\"name\":\"Accueil\",\"item\":\"https:\/\/www.vavalabrocante-debarras-paris.fr\/\"},{\"@type\":\"ListItem\",\"position\":2,\"name\":\"Mentions l\u00e9gales\"}]},{\"@type\":\"WebSite\",\"@id\":\"https:\/\/www.vavalabrocante-debarras-paris.fr\/#website\",\"url\":\"https:\/\/www.vavalabrocante-debarras-paris.fr\/\",\"name\":\"Vava La brocante, Brocanteur, d\u00e9barras Maison Appartement\",\"description\":\"Vava La brocante, Brocanteur, d\u00e9barras Maison Appartement\",\"publisher\":{\"@id\":\"https:\/\/www.vavalabrocante-debarras-paris.fr\/#organization\"},\"potentialAction\":[{\"@type\":\"SearchAction\",\"target\":{\"@type\":\"EntryPoint\",\"urlTemplate\":\"https:\/\/www.vavalabrocante-debarras-paris.fr\/?s={search_term_string}\"},\"query-input\":{\"@type\":\"PropertyValueSpecification\",\"valueRequired\":true,\"valueName\":\"search_term_string\"}}],\"inLanguage\":\"en-US\"},{\"@type\":\"Organization\",\"@id\":\"https:\/\/www.vavalabrocante-debarras-paris.fr\/#organization\",\"name\":\"Vava La brocante, Brocanteur, d\u00e9barras Maison Appartement\",\"url\":\"https:\/\/www.vavalabrocante-debarras-paris.fr\/\",\"logo\":{\"@type\":\"ImageObject\",\"inLanguage\":\"en-US\",\"@id\":\"https:\/\/www.vavalabrocante-debarras-paris.fr\/#\/schema\/logo\/image\/\",\"url\":\"https:\/\/www.vavalabrocante-debarras-paris.fr\/wp-content\/uploads\/2023\/12\/logo_vavalabrocante.png\",\"contentUrl\":\"https:\/\/www.vavalabrocante-debarras-paris.fr\/wp-content\/uploads\/2023\/12\/logo_vavalabrocante.png\",\"width\":350,\"height\":70,\"caption\":\"Vava La brocante, Brocanteur, d\u00e9barras Maison Appartement\"},\"image\":{\"@id\":\"https:\/\/www.vavalabrocante-debarras-paris.fr\/#\/schema\/logo\/image\/\"}}]}<\/script>\n<!-- \/ Yoast SEO plugin. -->","yoast_head_json":{"title":"Mentions l\u00e9gales - Vava La brocante, Brocanteur, d\u00e9barras Maison Appartement","description":"Brocanteur \u00e0 Ch\u00e2teauroux\u2013D\u00e9ols 36.D\u00e9barras Estimation Achat comptant antiquit\u00e9s objets anciens. D\u00e9placement & Devis gratuits 06 60 98 86 82","robots":{"index":"noindex","follow":"follow"},"og_locale":"en_US","og_type":"article","og_title":"Mentions l\u00e9gales - Vava La brocante, Brocanteur, d\u00e9barras Maison Appartement","og_description":"Brocanteur \u00e0 Ch\u00e2teauroux\u2013D\u00e9ols 36.D\u00e9barras Estimation Achat comptant antiquit\u00e9s objets anciens. D\u00e9placement & Devis gratuits 06 60 98 86 82","og_url":"https:\/\/www.vavalabrocante-debarras-paris.fr\/index.php\/mentions-legales\/","og_site_name":"Vava La brocante, Brocanteur, d\u00e9barras Maison Appartement","article_modified_time":"2023-10-13T08:13:36+00:00","twitter_card":"summary_large_image","twitter_misc":{"Est. reading time":"4 minutes"},"schema":{"@context":"https:\/\/schema.org","@graph":[{"@type":"WebPage","@id":"https:\/\/www.vavalabrocante-debarras-paris.fr\/index.php\/mentions-legales\/","url":"https:\/\/www.vavalabrocante-debarras-paris.fr\/index.php\/mentions-legales\/","name":"Mentions l\u00e9gales - Vava La brocante, Brocanteur, d\u00e9barras Maison Appartement","isPartOf":{"@id":"https:\/\/www.vavalabrocante-debarras-paris.fr\/#website"},"datePublished":"2021-06-08T13:24:18+00:00","dateModified":"2023-10-13T08:13:36+00:00","description":"Brocanteur \u00e0 Ch\u00e2teauroux\u2013D\u00e9ols 36.D\u00e9barras Estimation Achat comptant antiquit\u00e9s objets anciens. D\u00e9placement & Devis gratuits 06 60 98 86 82","breadcrumb":{"@id":"https:\/\/www.vavalabrocante-debarras-paris.fr\/index.php\/mentions-legales\/#breadcrumb"},"inLanguage":"en-US","potentialAction":[{"@type":"ReadAction","target":["https:\/\/www.vavalabrocante-debarras-paris.fr\/index.php\/mentions-legales\/"]}]},{"@type":"BreadcrumbList","@id":"https:\/\/www.vavalabrocante-debarras-paris.fr\/index.php\/mentions-legales\/#breadcrumb","itemListElement":[{"@type":"ListItem","position":1,"name":"Accueil","item":"https:\/\/www.vavalabrocante-debarras-paris.fr\/"},{"@type":"ListItem","position":2,"name":"Mentions l\u00e9gales"}]},{"@type":"WebSite","@id":"https:\/\/www.vavalabrocante-debarras-paris.fr\/#website","url":"https:\/\/www.vavalabrocante-debarras-paris.fr\/","name":"Vava La brocante, Brocanteur, d\u00e9barras Maison Appartement","description":"Vava La brocante, Brocanteur, d\u00e9barras Maison Appartement","publisher":{"@id":"https:\/\/www.vavalabrocante-debarras-paris.fr\/#organization"},"potentialAction":[{"@type":"SearchAction","target":{"@type":"EntryPoint","urlTemplate":"https:\/\/www.vavalabrocante-debarras-paris.fr\/?s={search_term_string}"},"query-input":{"@type":"PropertyValueSpecification","valueRequired":true,"valueName":"search_term_string"}}],"inLanguage":"en-US"},{"@type":"Organization","@id":"https:\/\/www.vavalabrocante-debarras-paris.fr\/#organization","name":"Vava La brocante, Brocanteur, d\u00e9barras Maison Appartement","url":"https:\/\/www.vavalabrocante-debarras-paris.fr\/","logo":{"@type":"ImageObject","inLanguage":"en-US","@id":"https:\/\/www.vavalabrocante-debarras-paris.fr\/#\/schema\/logo\/image\/","url":"https:\/\/www.vavalabrocante-debarras-paris.fr\/wp-content\/uploads\/2023\/12\/logo_vavalabrocante.png","contentUrl":"https:\/\/www.vavalabrocante-debarras-paris.fr\/wp-content\/uploads\/2023\/12\/logo_vavalabrocante.png","width":350,"height":70,"caption":"Vava La brocante, Brocanteur, d\u00e9barras Maison Appartement"},"image":{"@id":"https:\/\/www.vavalabrocante-debarras-paris.fr\/#\/schema\/logo\/image\/"}}]}},"_links":{"self":[{"href":"https:\/\/www.vavalabrocante-debarras-paris.fr\/index.php\/wp-json\/wp\/v2\/pages\/34","targetHints":{"allow":["GET"]}}],"collection":[{"href":"https:\/\/www.vavalabrocante-debarras-paris.fr\/index.php\/wp-json\/wp\/v2\/pages"}],"about":[{"href":"https:\/\/www.vavalabrocante-debarras-paris.fr\/index.php\/wp-json\/wp\/v2\/types\/page"}],"author":[{"embeddable":true,"href":"https:\/\/www.vavalabrocante-debarras-paris.fr\/index.php\/wp-json\/wp\/v2\/users\/5"}],"replies":[{"embeddable":true,"href":"https:\/\/www.vavalabrocante-debarras-paris.fr\/index.php\/wp-json\/wp\/v2\/comments?post=34"}],"version-history":[{"count":9,"href":"https:\/\/www.vavalabrocante-debarras-paris.fr\/index.php\/wp-json\/wp\/v2\/pages\/34\/revisions"}],"predecessor-version":[{"id":661,"href":"https:\/\/www.vavalabrocante-debarras-paris.fr\/index.php\/wp-json\/wp\/v2\/pages\/34\/revisions\/661"}],"wp:attachment":[{"href":"https:\/\/www.vavalabrocante-debarras-paris.fr\/index.php\/wp-json\/wp\/v2\/media?parent=34"}],"curies":[{"name":"wp","href":"https:\/\/api.w.org\/{rel}","templated":true}]}}