{"id":31,"date":"2021-06-08T15:16:07","date_gmt":"2021-06-08T13:16:07","guid":{"rendered":"http:\/\/vavalabrocante-brocanteur-debarras-chateauroux-36.fr\/?page_id=31"},"modified":"2025-04-29T13:19:25","modified_gmt":"2025-04-29T11:19:25","slug":"contacter-vava-la-brocante-esoone-91-hauts-de-seine-92-yvelines-78-paris75-val-de-marne-94-seine-et-marne-77","status":"publish","type":"page","link":"https:\/\/www.vavalabrocante-debarras-paris.fr\/index.php\/contacter-vava-la-brocante-esoone-91-hauts-de-seine-92-yvelines-78-paris75-val-de-marne-94-seine-et-marne-77\/","title":{"rendered":"Contacter Vava la Brocante"},"content":{"rendered":"\n<h1 class=\"wp-block-heading has-text-align-center\">Estimation, Achat d\u2019antiquit\u00e9s et d\u2019Objets anciens<\/h1>\n\n\n\n<div style=\"height:25px\" aria-hidden=\"true\" class=\"wp-block-spacer\"><\/div>\n\n\n\n<div class=\"wp-block-buttons has-custom-font-size has-large-font-size is-horizontal is-content-justification-center is-layout-flex wp-container-core-buttons-is-layout-937ffba9 wp-block-buttons-is-layout-flex\">\n<div class=\"wp-block-button is-style-fill\"><a class=\"wp-block-button__link has-base-3-color has-accent-background-color has-text-color has-background has-medium-font-size has-custom-font-size wp-element-button\" href=\"tel:06 60 98 86 82\" style=\"border-radius:0px\"><u><strong><strong><strong><strong><u><strong><strong>06 60 98 86 82<\/strong><\/strong><\/u><\/strong><\/strong><\/strong><\/strong><\/u><\/a><\/div>\n<\/div>\n\n\n\n<div style=\"height:25px\" aria-hidden=\"true\" class=\"wp-block-spacer\"><\/div>\n\n\n\n<p class=\"has-text-align-center has-contrast-color has-text-color has-link-color wp-elements-e0a5e851c0580fa42f5ce6b02f0e6ebd\"><strong><strong>Appel Gratuit 7J\/7<\/strong><\/strong><\/p>\n\n\n\n<div style=\"height:25px\" aria-hidden=\"true\" class=\"wp-block-spacer\"><\/div>\n\n\n\n<div class=\"wp-block-group\"><div class=\"wp-block-group__inner-container is-layout-constrained wp-block-group-is-layout-constrained\">\n<div class=\"wpcf7 no-js\" id=\"wpcf7-f1249-o1\" lang=\"en-US\" dir=\"ltr\" data-wpcf7-id=\"1249\">\n<div class=\"screen-reader-response\"><p role=\"status\" aria-live=\"polite\" aria-atomic=\"true\"><\/p> <ul><\/ul><\/div>\n<form action=\"\/index.php\/wp-json\/wp\/v2\/pages\/31#wpcf7-f1249-o1\" method=\"post\" class=\"wpcf7-form init\" aria-label=\"Contact form\" enctype=\"multipart\/form-data\" novalidate=\"novalidate\" data-status=\"init\">\n<div style=\"display: none;\">\n<input type=\"hidden\" name=\"_wpcf7\" value=\"1249\" \/>\n<input type=\"hidden\" name=\"_wpcf7_version\" value=\"6.0.6\" \/>\n<input type=\"hidden\" name=\"_wpcf7_locale\" value=\"en_US\" \/>\n<input type=\"hidden\" name=\"_wpcf7_unit_tag\" value=\"wpcf7-f1249-o1\" \/>\n<input type=\"hidden\" name=\"_wpcf7_container_post\" value=\"0\" \/>\n<input type=\"hidden\" name=\"_wpcf7_posted_data_hash\" value=\"\" \/>\n<input type=\"hidden\" name=\"_wpcf7_recaptcha_response\" value=\"\" \/>\n<\/div>\n<p><label> Nom et pr\u00e9nom<br \/>\n<span class=\"wpcf7-form-control-wrap\" data-name=\"your-name\"><input size=\"40\" maxlength=\"400\" class=\"wpcf7-form-control wpcf7-text wpcf7-validates-as-required\" autocomplete=\"name\" aria-required=\"true\" aria-invalid=\"false\" value=\"\" type=\"text\" name=\"your-name\" \/><\/span> <\/label>\n<\/p>\n<p><label> Email<br \/>\n<span class=\"wpcf7-form-control-wrap\" data-name=\"your-email\"><input size=\"40\" maxlength=\"400\" class=\"wpcf7-form-control wpcf7-email wpcf7-validates-as-required wpcf7-text wpcf7-validates-as-email\" autocomplete=\"email\" aria-required=\"true\" aria-invalid=\"false\" value=\"\" type=\"email\" name=\"your-email\" \/><\/span> <\/label>\n<\/p>\n<p><label> T\u00e9l\u00e9phone<br \/>\n<span class=\"wpcf7-form-control-wrap\" data-name=\"tel-520\"><input size=\"40\" maxlength=\"400\" class=\"wpcf7-form-control wpcf7-tel wpcf7-validates-as-required wpcf7-text wpcf7-validates-as-tel\" aria-required=\"true\" aria-invalid=\"false\" value=\"\" type=\"tel\" name=\"tel-520\" \/><\/span> <\/label>\n<\/p>\n<p><label> Ville<br \/>\n<span class=\"wpcf7-form-control-wrap\" data-name=\"text-994\"><input size=\"40\" maxlength=\"400\" class=\"wpcf7-form-control wpcf7-text wpcf7-validates-as-required\" aria-required=\"true\" aria-invalid=\"false\" value=\"\" type=\"text\" name=\"text-994\" \/><\/span> <\/label>\n<\/p>\n<p><label> Message<br \/>\n<span class=\"wpcf7-form-control-wrap\" data-name=\"your-message\"><textarea cols=\"40\" rows=\"10\" maxlength=\"2000\" class=\"wpcf7-form-control wpcf7-textarea\" aria-invalid=\"false\" name=\"your-message\"><\/textarea><\/span> <\/label>\n<\/p>\n<p><span class=\"wpcf7-form-control-wrap\" data-name=\"file-1\"><input size=\"40\" class=\"wpcf7-form-control wpcf7-file\" accept=\".gif,.png,.jpg,.jpeg\" aria-invalid=\"false\" type=\"file\" name=\"file-1\" \/><\/span><br \/>\n<span class=\"wpcf7-form-control-wrap\" data-name=\"file-2\"><input size=\"40\" class=\"wpcf7-form-control wpcf7-file\" accept=\".gif,.png,.jpg,.jpeg\" aria-invalid=\"false\" type=\"file\" name=\"file-2\" \/><\/span><br \/>\n<span class=\"wpcf7-form-control-wrap\" data-name=\"file-3\"><input size=\"40\" class=\"wpcf7-form-control wpcf7-file\" accept=\".gif,.png,.jpg,.jpeg\" aria-invalid=\"false\" type=\"file\" name=\"file-3\" \/><\/span><br \/>\n<span class=\"wpcf7-form-control-wrap\" data-name=\"file-4\"><input size=\"40\" class=\"wpcf7-form-control wpcf7-file\" accept=\".gif,.png,.jpg,.jpeg\" aria-invalid=\"false\" type=\"file\" name=\"file-4\" \/><\/span><br \/>\n<span class=\"wpcf7-form-control-wrap\" data-name=\"file-5\"><input size=\"40\" class=\"wpcf7-form-control wpcf7-file\" accept=\".gif,.png,.jpg,.jpeg\" aria-invalid=\"false\" type=\"file\" name=\"file-5\" \/><\/span>\n<\/p>\n<p><input class=\"wpcf7-form-control wpcf7-submit has-spinner\" type=\"submit\" value=\"Envoyer\" \/>\n<\/p><div class=\"wpcf7-response-output\" aria-hidden=\"true\"><\/div>\n<\/form>\n<\/div>\n\n<\/div><\/div>\n","protected":false},"excerpt":{"rendered":"<p>Estimation, Achat d\u2019antiquit\u00e9s et d\u2019Objets anciens Appel Gratuit 7J\/7<\/p>\n","protected":false},"author":5,"featured_media":0,"parent":0,"menu_order":0,"comment_status":"closed","ping_status":"closed","template":"","meta":{"footnotes":""},"class_list":["post-31","page","type-page","status-publish"],"yoast_head":"<!-- This site is optimized with the Yoast SEO plugin v24.9 - https:\/\/yoast.com\/wordpress\/plugins\/seo\/ -->\n<title>Contacter Vava la Brocante - Vava La brocante, Brocanteur, d\u00e9barras Maison Appartement<\/title>\n<meta name=\"description\" content=\"Brocanteur \u00e0 Ch\u00e2teauroux\u2013D\u00e9ols 36.D\u00e9barras Estimation Achat comptant antiquit\u00e9s objets anciens. D\u00e9placement &amp; Devis gratuits 06 60 98 86 82\" \/>\n<meta name=\"robots\" content=\"noindex, follow\" \/>\n<meta property=\"og:locale\" content=\"en_US\" \/>\n<meta property=\"og:type\" content=\"article\" \/>\n<meta property=\"og:title\" content=\"Contacter Vava la Brocante - Vava La brocante, Brocanteur, d\u00e9barras Maison Appartement\" \/>\n<meta property=\"og:description\" content=\"Brocanteur \u00e0 Ch\u00e2teauroux\u2013D\u00e9ols 36.D\u00e9barras Estimation Achat comptant antiquit\u00e9s objets anciens. D\u00e9placement &amp; Devis gratuits 06 60 98 86 82\" \/>\n<meta property=\"og:url\" content=\"https:\/\/www.vavalabrocante-debarras-paris.fr\/index.php\/contacter-vava-la-brocante-esoone-91-hauts-de-seine-92-yvelines-78-paris75-val-de-marne-94-seine-et-marne-77\/\" \/>\n<meta property=\"og:site_name\" content=\"Vava La brocante, Brocanteur, d\u00e9barras Maison Appartement\" \/>\n<meta property=\"article:modified_time\" content=\"2025-04-29T11:19:25+00:00\" \/>\n<meta name=\"twitter:card\" content=\"summary_large_image\" \/>\n<meta name=\"twitter:label1\" content=\"Est. reading time\" \/>\n\t<meta name=\"twitter:data1\" content=\"1 minute\" \/>\n<script type=\"application\/ld+json\" class=\"yoast-schema-graph\">{\"@context\":\"https:\/\/schema.org\",\"@graph\":[{\"@type\":\"WebPage\",\"@id\":\"https:\/\/www.vavalabrocante-debarras-paris.fr\/index.php\/contacter-vava-la-brocante-esoone-91-hauts-de-seine-92-yvelines-78-paris75-val-de-marne-94-seine-et-marne-77\/\",\"url\":\"https:\/\/www.vavalabrocante-debarras-paris.fr\/index.php\/contacter-vava-la-brocante-esoone-91-hauts-de-seine-92-yvelines-78-paris75-val-de-marne-94-seine-et-marne-77\/\",\"name\":\"Contacter Vava la Brocante - Vava La brocante, Brocanteur, d\u00e9barras Maison Appartement\",\"isPartOf\":{\"@id\":\"https:\/\/www.vavalabrocante-debarras-paris.fr\/#website\"},\"datePublished\":\"2021-06-08T13:16:07+00:00\",\"dateModified\":\"2025-04-29T11:19:25+00:00\",\"description\":\"Brocanteur \u00e0 Ch\u00e2teauroux\u2013D\u00e9ols 36.D\u00e9barras Estimation Achat comptant antiquit\u00e9s objets anciens. D\u00e9placement & Devis gratuits 06 60 98 86 82\",\"breadcrumb\":{\"@id\":\"https:\/\/www.vavalabrocante-debarras-paris.fr\/index.php\/contacter-vava-la-brocante-esoone-91-hauts-de-seine-92-yvelines-78-paris75-val-de-marne-94-seine-et-marne-77\/#breadcrumb\"},\"inLanguage\":\"en-US\",\"potentialAction\":[{\"@type\":\"ReadAction\",\"target\":[\"https:\/\/www.vavalabrocante-debarras-paris.fr\/index.php\/contacter-vava-la-brocante-esoone-91-hauts-de-seine-92-yvelines-78-paris75-val-de-marne-94-seine-et-marne-77\/\"]}]},{\"@type\":\"BreadcrumbList\",\"@id\":\"https:\/\/www.vavalabrocante-debarras-paris.fr\/index.php\/contacter-vava-la-brocante-esoone-91-hauts-de-seine-92-yvelines-78-paris75-val-de-marne-94-seine-et-marne-77\/#breadcrumb\",\"itemListElement\":[{\"@type\":\"ListItem\",\"position\":1,\"name\":\"Accueil\",\"item\":\"https:\/\/www.vavalabrocante-debarras-paris.fr\/\"},{\"@type\":\"ListItem\",\"position\":2,\"name\":\"Contacter Vava la Brocante\"}]},{\"@type\":\"WebSite\",\"@id\":\"https:\/\/www.vavalabrocante-debarras-paris.fr\/#website\",\"url\":\"https:\/\/www.vavalabrocante-debarras-paris.fr\/\",\"name\":\"Vava La brocante, Brocanteur, d\u00e9barras Maison Appartement\",\"description\":\"Vava La brocante, Brocanteur, d\u00e9barras Maison Appartement\",\"publisher\":{\"@id\":\"https:\/\/www.vavalabrocante-debarras-paris.fr\/#organization\"},\"potentialAction\":[{\"@type\":\"SearchAction\",\"target\":{\"@type\":\"EntryPoint\",\"urlTemplate\":\"https:\/\/www.vavalabrocante-debarras-paris.fr\/?s={search_term_string}\"},\"query-input\":{\"@type\":\"PropertyValueSpecification\",\"valueRequired\":true,\"valueName\":\"search_term_string\"}}],\"inLanguage\":\"en-US\"},{\"@type\":\"Organization\",\"@id\":\"https:\/\/www.vavalabrocante-debarras-paris.fr\/#organization\",\"name\":\"Vava La brocante, Brocanteur, d\u00e9barras Maison Appartement\",\"url\":\"https:\/\/www.vavalabrocante-debarras-paris.fr\/\",\"logo\":{\"@type\":\"ImageObject\",\"inLanguage\":\"en-US\",\"@id\":\"https:\/\/www.vavalabrocante-debarras-paris.fr\/#\/schema\/logo\/image\/\",\"url\":\"https:\/\/www.vavalabrocante-debarras-paris.fr\/wp-content\/uploads\/2023\/12\/logo_vavalabrocante.png\",\"contentUrl\":\"https:\/\/www.vavalabrocante-debarras-paris.fr\/wp-content\/uploads\/2023\/12\/logo_vavalabrocante.png\",\"width\":350,\"height\":70,\"caption\":\"Vava La brocante, Brocanteur, d\u00e9barras Maison Appartement\"},\"image\":{\"@id\":\"https:\/\/www.vavalabrocante-debarras-paris.fr\/#\/schema\/logo\/image\/\"}}]}<\/script>\n<!-- \/ Yoast SEO plugin. -->","yoast_head_json":{"title":"Contacter Vava la Brocante - Vava La brocante, Brocanteur, d\u00e9barras Maison Appartement","description":"Brocanteur \u00e0 Ch\u00e2teauroux\u2013D\u00e9ols 36.D\u00e9barras Estimation Achat comptant antiquit\u00e9s objets anciens. D\u00e9placement & Devis gratuits 06 60 98 86 82","robots":{"index":"noindex","follow":"follow"},"og_locale":"en_US","og_type":"article","og_title":"Contacter Vava la Brocante - Vava La brocante, Brocanteur, d\u00e9barras Maison Appartement","og_description":"Brocanteur \u00e0 Ch\u00e2teauroux\u2013D\u00e9ols 36.D\u00e9barras Estimation Achat comptant antiquit\u00e9s objets anciens. D\u00e9placement & Devis gratuits 06 60 98 86 82","og_url":"https:\/\/www.vavalabrocante-debarras-paris.fr\/index.php\/contacter-vava-la-brocante-esoone-91-hauts-de-seine-92-yvelines-78-paris75-val-de-marne-94-seine-et-marne-77\/","og_site_name":"Vava La brocante, Brocanteur, d\u00e9barras Maison Appartement","article_modified_time":"2025-04-29T11:19:25+00:00","twitter_card":"summary_large_image","twitter_misc":{"Est. reading time":"1 minute"},"schema":{"@context":"https:\/\/schema.org","@graph":[{"@type":"WebPage","@id":"https:\/\/www.vavalabrocante-debarras-paris.fr\/index.php\/contacter-vava-la-brocante-esoone-91-hauts-de-seine-92-yvelines-78-paris75-val-de-marne-94-seine-et-marne-77\/","url":"https:\/\/www.vavalabrocante-debarras-paris.fr\/index.php\/contacter-vava-la-brocante-esoone-91-hauts-de-seine-92-yvelines-78-paris75-val-de-marne-94-seine-et-marne-77\/","name":"Contacter Vava la Brocante - Vava La brocante, Brocanteur, d\u00e9barras Maison Appartement","isPartOf":{"@id":"https:\/\/www.vavalabrocante-debarras-paris.fr\/#website"},"datePublished":"2021-06-08T13:16:07+00:00","dateModified":"2025-04-29T11:19:25+00:00","description":"Brocanteur \u00e0 Ch\u00e2teauroux\u2013D\u00e9ols 36.D\u00e9barras Estimation Achat comptant antiquit\u00e9s objets anciens. D\u00e9placement & Devis gratuits 06 60 98 86 82","breadcrumb":{"@id":"https:\/\/www.vavalabrocante-debarras-paris.fr\/index.php\/contacter-vava-la-brocante-esoone-91-hauts-de-seine-92-yvelines-78-paris75-val-de-marne-94-seine-et-marne-77\/#breadcrumb"},"inLanguage":"en-US","potentialAction":[{"@type":"ReadAction","target":["https:\/\/www.vavalabrocante-debarras-paris.fr\/index.php\/contacter-vava-la-brocante-esoone-91-hauts-de-seine-92-yvelines-78-paris75-val-de-marne-94-seine-et-marne-77\/"]}]},{"@type":"BreadcrumbList","@id":"https:\/\/www.vavalabrocante-debarras-paris.fr\/index.php\/contacter-vava-la-brocante-esoone-91-hauts-de-seine-92-yvelines-78-paris75-val-de-marne-94-seine-et-marne-77\/#breadcrumb","itemListElement":[{"@type":"ListItem","position":1,"name":"Accueil","item":"https:\/\/www.vavalabrocante-debarras-paris.fr\/"},{"@type":"ListItem","position":2,"name":"Contacter Vava la Brocante"}]},{"@type":"WebSite","@id":"https:\/\/www.vavalabrocante-debarras-paris.fr\/#website","url":"https:\/\/www.vavalabrocante-debarras-paris.fr\/","name":"Vava La brocante, Brocanteur, d\u00e9barras Maison Appartement","description":"Vava La brocante, Brocanteur, d\u00e9barras Maison Appartement","publisher":{"@id":"https:\/\/www.vavalabrocante-debarras-paris.fr\/#organization"},"potentialAction":[{"@type":"SearchAction","target":{"@type":"EntryPoint","urlTemplate":"https:\/\/www.vavalabrocante-debarras-paris.fr\/?s={search_term_string}"},"query-input":{"@type":"PropertyValueSpecification","valueRequired":true,"valueName":"search_term_string"}}],"inLanguage":"en-US"},{"@type":"Organization","@id":"https:\/\/www.vavalabrocante-debarras-paris.fr\/#organization","name":"Vava La brocante, Brocanteur, d\u00e9barras Maison Appartement","url":"https:\/\/www.vavalabrocante-debarras-paris.fr\/","logo":{"@type":"ImageObject","inLanguage":"en-US","@id":"https:\/\/www.vavalabrocante-debarras-paris.fr\/#\/schema\/logo\/image\/","url":"https:\/\/www.vavalabrocante-debarras-paris.fr\/wp-content\/uploads\/2023\/12\/logo_vavalabrocante.png","contentUrl":"https:\/\/www.vavalabrocante-debarras-paris.fr\/wp-content\/uploads\/2023\/12\/logo_vavalabrocante.png","width":350,"height":70,"caption":"Vava La brocante, Brocanteur, d\u00e9barras Maison Appartement"},"image":{"@id":"https:\/\/www.vavalabrocante-debarras-paris.fr\/#\/schema\/logo\/image\/"}}]}},"_links":{"self":[{"href":"https:\/\/www.vavalabrocante-debarras-paris.fr\/index.php\/wp-json\/wp\/v2\/pages\/31","targetHints":{"allow":["GET"]}}],"collection":[{"href":"https:\/\/www.vavalabrocante-debarras-paris.fr\/index.php\/wp-json\/wp\/v2\/pages"}],"about":[{"href":"https:\/\/www.vavalabrocante-debarras-paris.fr\/index.php\/wp-json\/wp\/v2\/types\/page"}],"author":[{"embeddable":true,"href":"https:\/\/www.vavalabrocante-debarras-paris.fr\/index.php\/wp-json\/wp\/v2\/users\/5"}],"replies":[{"embeddable":true,"href":"https:\/\/www.vavalabrocante-debarras-paris.fr\/index.php\/wp-json\/wp\/v2\/comments?post=31"}],"version-history":[{"count":78,"href":"https:\/\/www.vavalabrocante-debarras-paris.fr\/index.php\/wp-json\/wp\/v2\/pages\/31\/revisions"}],"predecessor-version":[{"id":1250,"href":"https:\/\/www.vavalabrocante-debarras-paris.fr\/index.php\/wp-json\/wp\/v2\/pages\/31\/revisions\/1250"}],"wp:attachment":[{"href":"https:\/\/www.vavalabrocante-debarras-paris.fr\/index.php\/wp-json\/wp\/v2\/media?parent=31"}],"curies":[{"name":"wp","href":"https:\/\/api.w.org\/{rel}","templated":true}]}}