{"id":17,"date":"2021-06-08T13:34:41","date_gmt":"2021-06-08T11:34:41","guid":{"rendered":"http:\/\/vavalabrocante-brocanteur-debarras-chateauroux-36.fr\/?page_id=17"},"modified":"2023-10-24T10:45:40","modified_gmt":"2023-10-24T08:45:40","slug":"service-debarras-vide-maison-en-essonne-91-seine-et-marne-77-hauts-de-seine-92-yvelines-78-val-de-marne-94-paris-75","status":"publish","type":"page","link":"https:\/\/www.vavalabrocante-debarras-paris.fr\/index.php\/debarras\/service-debarras-vide-maison-en-essonne-91-seine-et-marne-77-hauts-de-seine-92-yvelines-78-val-de-marne-94-paris-75\/","title":{"rendered":"D\u00e9barras Paris 75"},"content":{"rendered":"<p>[vc_row][vc_column width=&#8221;2\/3&#8243;][vc_column_text]<\/p>\n<p style=\"text-align: center;\">[metaslider id=&#8221;544&#8243;]<\/p>\n<p>[\/vc_column_text][\/vc_column][vc_column width=&#8221;1\/3&#8243;][vc_column_text css=&#8221;.vc_custom_1664815621908{margin-right: 40px !important;margin-left: 40px !important;padding-top: 25px !important;padding-right: 25px !important;padding-bottom: 57px !important;padding-left: 25px !important;background-color: #134821 !important;}&#8221;]<\/p>\n<p style=\"text-align: center;\"><span style=\"color: #ffffff;\">SERVICE D\u00c9BARRAS<\/span><br \/>\n<span style=\"color: #ffffff;\">Essonne 91<\/span><br \/>\n<span style=\"color: #ffffff;\">06 60 98 86 82<\/span><\/p>\n<p style=\"text-align: center;\"><span style=\"color: #ffffff;\">Vide maison<\/span><br \/>\n<span style=\"color: #ffffff;\">Succession<\/span><br \/>\n<span style=\"color: #ffffff;\">D\u00e9barras<\/span><\/p>\n<p style=\"text-align: center;\"><span style=\"color: #ffffff;\">Travail soign\u00e9 \u2013 S\u00e9rieux<\/span><\/p>\n<p style=\"text-align: center;\"><span style=\"color: #ffffff;\">Tranquillit\u00e9 d\u2019esprit<\/span><br \/>\n<span style=\"color: #ffffff;\">D\u00e9placement gratuit pour estimation<\/span><\/p>\n<p style=\"text-align: center;\"><span style=\"color: #ffffff;\">Devis imm\u00e9diat<\/span><\/p>\n<p>[\/vc_column_text][\/vc_column][\/vc_row][vc_row][vc_column][vc_column_text]<\/p>\n<h1>Service d\u00e9barras &amp; vide maison : maisons, appartements Paris 75 et \u00eele de France<\/h1>\n<p>La solution de faire appel \u00e0 un brocanteur pour un d\u00e9barras est toujours plus simple plut\u00f4t que de s\u2019en charger et ceci pour de multiples raisons :<br \/>\n&#8211; Un d\u00e9barras peut \u00eatre gratuit voire rapporter de l\u2019argent,<br \/>\n&#8211; Un d\u00e9barras suppose une logistique et des frais. La location d\u2019une camionnette, des cartons, le mat\u00e9riel de transport etc<br \/>\n&#8211; Un d\u00e9barras r\u00e9clame du temps. Selon sa taille, un d\u00e9barras peut prendre plusieurs jours et s\u2019\u00e9taler dans le temps, les all\u00e9es et venues, les d\u00e9p\u00f4ts dans les recycleries &#8230;<br \/>\n&#8211; Un d\u00e9barras mobilise du monde. Il faut faire appel \u00e0 son entourage, \u00e0 la famille,<br \/>\n&#8211; Un d\u00e9barras est physique. Faire les cartons, les transporter, enlever les meubles demandent des efforts physiques et d\u2019avoir un dos solide,<br \/>\nChez Vava La brocante nous sommes \u00e9quip\u00e9s et entra\u00een\u00e9s, et le plus souvent le d\u00e9barras est gratuit ou rapporte de l\u2019argent.[\/vc_column_text][vc_empty_space height=&#8221;40px&#8221;][\/vc_column][\/vc_row][vc_row][vc_column width=&#8221;1\/4&#8243;][vc_column_text]<img loading=\"lazy\" decoding=\"async\" class=\"alignnone size-medium wp-image-164 aligncenter\" src=\"https:\/\/www.vavalabrocante-debarras-paris.fr\/wp-content\/uploads\/2021\/06\/19-vava-la-brocante-debarras-chateauroux-36-indre-L400-300x182.jpg\" alt=\"19-vava-la-brocante-debarras-chateauroux-36-indre-L400\" width=\"300\" height=\"182\" srcset=\"https:\/\/www.vavalabrocante-debarras-paris.fr\/wp-content\/uploads\/2021\/06\/19-vava-la-brocante-debarras-chateauroux-36-indre-L400-300x182.jpg 300w, https:\/\/www.vavalabrocante-debarras-paris.fr\/wp-content\/uploads\/2021\/06\/19-vava-la-brocante-debarras-chateauroux-36-indre-L400.jpg 400w\" sizes=\"auto, (max-width: 300px) 100vw, 300px\" \/><\/p>\n<p>&nbsp;<\/p>\n<p><img loading=\"lazy\" decoding=\"async\" class=\"size-medium wp-image-163 aligncenter\" src=\"https:\/\/www.vavalabrocante-debarras-paris.fr\/wp-content\/uploads\/2021\/06\/20-vava-la-brocante-debarras-chateauroux-36-indre-L400-300x200.jpg\" alt=\"20-vava-la-brocante-debarras-chateauroux-36-indre-L400\" width=\"300\" height=\"200\" srcset=\"https:\/\/www.vavalabrocante-debarras-paris.fr\/wp-content\/uploads\/2021\/06\/20-vava-la-brocante-debarras-chateauroux-36-indre-L400-300x200.jpg 300w, https:\/\/www.vavalabrocante-debarras-paris.fr\/wp-content\/uploads\/2021\/06\/20-vava-la-brocante-debarras-chateauroux-36-indre-L400.jpg 400w\" sizes=\"auto, (max-width: 300px) 100vw, 300px\" \/><\/p>\n<p>&nbsp;<\/p>\n<p><img loading=\"lazy\" decoding=\"async\" class=\"alignnone size-medium wp-image-161 aligncenter\" src=\"https:\/\/www.vavalabrocante-debarras-paris.fr\/wp-content\/uploads\/2021\/06\/22-vava-la-brocante-debarras-chateauroux-36-indre-L400-300x181.jpg\" alt=\"22-vava-la-brocante-debarras-chateauroux-36-indre-L400\" width=\"300\" height=\"181\" srcset=\"https:\/\/www.vavalabrocante-debarras-paris.fr\/wp-content\/uploads\/2021\/06\/22-vava-la-brocante-debarras-chateauroux-36-indre-L400-300x181.jpg 300w, https:\/\/www.vavalabrocante-debarras-paris.fr\/wp-content\/uploads\/2021\/06\/22-vava-la-brocante-debarras-chateauroux-36-indre-L400.jpg 400w\" sizes=\"auto, (max-width: 300px) 100vw, 300px\" \/><\/p>\n<p>&nbsp;<\/p>\n<p>[\/vc_column_text][\/vc_column][vc_column width=&#8221;3\/4&#8243;][vc_column_text css=&#8221;.vc_custom_1664813026841{border-left-width: 1px !important;padding-left: 25px !important;border-left-color: #846b1a !important;border-left-style: solid !important;}&#8221;]<\/p>\n<h2>D\u00e9barras gratuit, r\u00e9mun\u00e9rateur ou payant \u00e0 Paris 75<\/h2>\n<p>&#8211; Le d\u00e9barras est gratuit lorsque les objets que nous vous achetons est \u00e9gal au prix du d\u00e9barras,<br \/>\n&#8211; Le d\u00e9barras est payant lors que les objets que nous vous achetons sont inf\u00e9rieurs au co\u00fbt du d\u00e9barras,<br \/>\n&#8211; Le d\u00e9barras est r\u00e9mun\u00e9rateur lorsque les objets que nous vous achetons valent plus que le d\u00e9barras.<\/p>\n<h2>D\u00e9barras de succession ou partage<\/h2>\n<p>Les d\u00e9barras que l\u2019on nous demande font r\u00e9guli\u00e8rement suite \u00e0 un d\u00e9c\u00e8s ou un d\u00e9part en retraite. Pour la famille lors d\u2019un partage c\u2019est r\u00e9ellement une facilit\u00e9 de faire appel un professionnel pour une estimation. Les estimations se font en regard de la demande du march\u00e9 en mettant de c\u00f4t\u00e9 la valeur affective.<\/p>\n<h4>Des d\u00e9barras faits soigneusement et r\u00e9alis\u00e9s dans des conditions responsables<\/h4>\n<p>Nous attachons une grande importance \u00e0 respecter l\u2019habitat lors de l\u2019enl\u00e8vement des cartons et des meubles et de laisser les lieux aussi propres que possible. En dehors des objets commercialisables, les objets usuels sont remis aux \u0153uvres caritatives et les encombrants d\u00e9pos\u00e9s dans les recycleries ou d\u00e9chetteries.<\/p>\n<h5>Types d\u2019antiquit\u00e9s et objets anciens recherch\u00e9s<\/h5>\n<p>Bibelots, bijoux, meubles, vases, c\u00e9ramiques, maroquinerie, lustres, tableaux, jouets, pendules, montres, argenterie, foulards, sculpture, bronze, poup\u00e9es, armes anciennes, linge, livres, bijoux fantaisie, lithographies, dessins, vaisselle, tapisserie, instruments de musique, verreries, spiritueux, bagages<\/p>\n<h5>Les d\u00e9partements autour de Paris o\u00f9 nous r\u00e9alisons r\u00e9guli\u00e8rement des d\u00e9barras<\/h5>\n<p><span style=\"color: #000000;\"><a style=\"color: #000000;\" href=\"https:\/\/www.vavalabrocante-debarras-paris.fr\/index.php\/debarras\/service-debarras-vide-maison-en-essonne-91-seine-et-marne-77-hauts-de-seine-92-yvelines-78-val-de-marne-94-paris-75\/\">Paris 75<\/a> &#8211; <a style=\"color: #000000;\" href=\"https:\/\/www.vavalabrocante-debarras-paris.fr\/index.php\/debarras\/debarras-en-essonne-91\/\">Essonne 91<\/a> &#8211; <a style=\"color: #000000;\" href=\"https:\/\/www.vavalabrocante-debarras-paris.fr\/index.php\/debarras\/debarras-de-maisons-et-appartements-en-hauts-de-seine-92\/\">Hauts de Seine 92<\/a> &#8211; <a style=\"color: #000000;\" href=\"https:\/\/www.vavalabrocante-debarras-paris.fr\/index.php\/debarras\/debarras-en-yvelines78\/\">Les Yvelines 78<\/a> &#8211; Seine et Marne 77 &#8211; Val de Marne 94<\/span>[\/vc_column_text][\/vc_column][\/vc_row]<\/p>\n","protected":false},"excerpt":{"rendered":"<p>[vc_row][vc_column width=&#8221;2\/3&#8243;][vc_column_text] [metaslider id=&#8221;544&#8243;] [\/vc_column_text][\/vc_column][vc_column width=&#8221;1\/3&#8243;][vc_column_text css=&#8221;.vc_custom_1664815621908{margin-right: 40px !important;margin-left: 40px !important;padding-top: 25px !important;padding-right: 25px !important;padding-bottom: 57px !important;padding-left: 25px !important;background-color: #134821 !important;}&#8221;] SERVICE D\u00c9BARRAS Essonne 91 06 60 98 86 82 Vide maison Succession D\u00e9barras Travail soign\u00e9 \u2013 S\u00e9rieux Tranquillit\u00e9 d\u2019esprit D\u00e9placement gratuit pour estimation Devis imm\u00e9diat [\/vc_column_text][\/vc_column][\/vc_row][vc_row][vc_column][vc_column_text] Service d\u00e9barras &amp; vide maison : maisons, appartements &#8230; <a title=\"D\u00e9barras Paris 75\" class=\"read-more\" href=\"https:\/\/www.vavalabrocante-debarras-paris.fr\/index.php\/debarras\/service-debarras-vide-maison-en-essonne-91-seine-et-marne-77-hauts-de-seine-92-yvelines-78-val-de-marne-94-paris-75\/\" aria-label=\"More on D\u00e9barras Paris 75\">Read more<\/a><\/p>\n","protected":false},"author":5,"featured_media":0,"parent":422,"menu_order":0,"comment_status":"closed","ping_status":"closed","template":"","meta":{"footnotes":""},"class_list":["post-17","page","type-page","status-publish"],"yoast_head":"<!-- This site is optimized with the Yoast SEO plugin v24.9 - https:\/\/yoast.com\/wordpress\/plugins\/seo\/ -->\n<title>D\u00e9barras Paris 75 - Vava La brocante, Brocanteur, d\u00e9barras Maison Appartement<\/title>\n<meta name=\"description\" content=\"Brocanteur en Essonne 91.D\u00e9barras Estimation Achat comptant antiquit\u00e9s objets anciens. D\u00e9placement &amp; Devis gratuits 06 60 98 86 82\" \/>\n<meta name=\"robots\" content=\"noindex, follow\" \/>\n<meta property=\"og:locale\" content=\"en_US\" \/>\n<meta property=\"og:type\" content=\"article\" \/>\n<meta property=\"og:title\" content=\"D\u00e9barras Paris 75 - Vava La brocante, Brocanteur, d\u00e9barras Maison Appartement\" \/>\n<meta property=\"og:description\" content=\"Brocanteur en Essonne 91.D\u00e9barras Estimation Achat comptant antiquit\u00e9s objets anciens. D\u00e9placement &amp; Devis gratuits 06 60 98 86 82\" \/>\n<meta property=\"og:url\" content=\"https:\/\/www.vavalabrocante-debarras-paris.fr\/index.php\/debarras\/service-debarras-vide-maison-en-essonne-91-seine-et-marne-77-hauts-de-seine-92-yvelines-78-val-de-marne-94-paris-75\/\" \/>\n<meta property=\"og:site_name\" content=\"Vava La brocante, Brocanteur, d\u00e9barras Maison Appartement\" \/>\n<meta property=\"article:modified_time\" content=\"2023-10-24T08:45:40+00:00\" \/>\n<meta property=\"og:image\" content=\"https:\/\/www.vavalabrocante-debarras-paris.fr\/wp-content\/uploads\/2021\/06\/19-vava-la-brocante-debarras-chateauroux-36-indre-L400-300x182.jpg\" \/>\n<meta name=\"twitter:card\" content=\"summary_large_image\" \/>\n<meta name=\"twitter:label1\" content=\"Est. reading time\" \/>\n\t<meta name=\"twitter:data1\" content=\"3 minutes\" \/>\n<script type=\"application\/ld+json\" class=\"yoast-schema-graph\">{\"@context\":\"https:\/\/schema.org\",\"@graph\":[{\"@type\":\"WebPage\",\"@id\":\"https:\/\/www.vavalabrocante-debarras-paris.fr\/index.php\/debarras\/service-debarras-vide-maison-en-essonne-91-seine-et-marne-77-hauts-de-seine-92-yvelines-78-val-de-marne-94-paris-75\/\",\"url\":\"https:\/\/www.vavalabrocante-debarras-paris.fr\/index.php\/debarras\/service-debarras-vide-maison-en-essonne-91-seine-et-marne-77-hauts-de-seine-92-yvelines-78-val-de-marne-94-paris-75\/\",\"name\":\"D\u00e9barras Paris 75 - Vava La brocante, Brocanteur, d\u00e9barras Maison Appartement\",\"isPartOf\":{\"@id\":\"https:\/\/www.vavalabrocante-debarras-paris.fr\/#website\"},\"primaryImageOfPage\":{\"@id\":\"https:\/\/www.vavalabrocante-debarras-paris.fr\/index.php\/debarras\/service-debarras-vide-maison-en-essonne-91-seine-et-marne-77-hauts-de-seine-92-yvelines-78-val-de-marne-94-paris-75\/#primaryimage\"},\"image\":{\"@id\":\"https:\/\/www.vavalabrocante-debarras-paris.fr\/index.php\/debarras\/service-debarras-vide-maison-en-essonne-91-seine-et-marne-77-hauts-de-seine-92-yvelines-78-val-de-marne-94-paris-75\/#primaryimage\"},\"thumbnailUrl\":\"https:\/\/www.vavalabrocante-debarras-paris.fr\/wp-content\/uploads\/2021\/06\/19-vava-la-brocante-debarras-chateauroux-36-indre-L400-300x182.jpg\",\"datePublished\":\"2021-06-08T11:34:41+00:00\",\"dateModified\":\"2023-10-24T08:45:40+00:00\",\"description\":\"Brocanteur en Essonne 91.D\u00e9barras Estimation Achat comptant antiquit\u00e9s objets anciens. D\u00e9placement & Devis gratuits 06 60 98 86 82\",\"breadcrumb\":{\"@id\":\"https:\/\/www.vavalabrocante-debarras-paris.fr\/index.php\/debarras\/service-debarras-vide-maison-en-essonne-91-seine-et-marne-77-hauts-de-seine-92-yvelines-78-val-de-marne-94-paris-75\/#breadcrumb\"},\"inLanguage\":\"en-US\",\"potentialAction\":[{\"@type\":\"ReadAction\",\"target\":[\"https:\/\/www.vavalabrocante-debarras-paris.fr\/index.php\/debarras\/service-debarras-vide-maison-en-essonne-91-seine-et-marne-77-hauts-de-seine-92-yvelines-78-val-de-marne-94-paris-75\/\"]}]},{\"@type\":\"ImageObject\",\"inLanguage\":\"en-US\",\"@id\":\"https:\/\/www.vavalabrocante-debarras-paris.fr\/index.php\/debarras\/service-debarras-vide-maison-en-essonne-91-seine-et-marne-77-hauts-de-seine-92-yvelines-78-val-de-marne-94-paris-75\/#primaryimage\",\"url\":\"https:\/\/www.vavalabrocante-debarras-paris.fr\/wp-content\/uploads\/2021\/06\/19-vava-la-brocante-debarras-chateauroux-36-indre-L400.jpg\",\"contentUrl\":\"https:\/\/www.vavalabrocante-debarras-paris.fr\/wp-content\/uploads\/2021\/06\/19-vava-la-brocante-debarras-chateauroux-36-indre-L400.jpg\",\"width\":400,\"height\":242,\"caption\":\"19-vava-la-brocante-debarras-chateauroux-36-indre-L400\"},{\"@type\":\"BreadcrumbList\",\"@id\":\"https:\/\/www.vavalabrocante-debarras-paris.fr\/index.php\/debarras\/service-debarras-vide-maison-en-essonne-91-seine-et-marne-77-hauts-de-seine-92-yvelines-78-val-de-marne-94-paris-75\/#breadcrumb\",\"itemListElement\":[{\"@type\":\"ListItem\",\"position\":1,\"name\":\"Accueil\",\"item\":\"https:\/\/www.vavalabrocante-debarras-paris.fr\/\"},{\"@type\":\"ListItem\",\"position\":2,\"name\":\"D\u00e9barras\",\"item\":\"https:\/\/www.vavalabrocante-debarras-paris.fr\/index.php\/debarras\/\"},{\"@type\":\"ListItem\",\"position\":3,\"name\":\"D\u00e9barras Paris 75\"}]},{\"@type\":\"WebSite\",\"@id\":\"https:\/\/www.vavalabrocante-debarras-paris.fr\/#website\",\"url\":\"https:\/\/www.vavalabrocante-debarras-paris.fr\/\",\"name\":\"Vava La brocante, Brocanteur, d\u00e9barras Maison Appartement\",\"description\":\"Vava La brocante, Brocanteur, d\u00e9barras Maison Appartement\",\"publisher\":{\"@id\":\"https:\/\/www.vavalabrocante-debarras-paris.fr\/#organization\"},\"potentialAction\":[{\"@type\":\"SearchAction\",\"target\":{\"@type\":\"EntryPoint\",\"urlTemplate\":\"https:\/\/www.vavalabrocante-debarras-paris.fr\/?s={search_term_string}\"},\"query-input\":{\"@type\":\"PropertyValueSpecification\",\"valueRequired\":true,\"valueName\":\"search_term_string\"}}],\"inLanguage\":\"en-US\"},{\"@type\":\"Organization\",\"@id\":\"https:\/\/www.vavalabrocante-debarras-paris.fr\/#organization\",\"name\":\"Vava La brocante, Brocanteur, d\u00e9barras Maison Appartement\",\"url\":\"https:\/\/www.vavalabrocante-debarras-paris.fr\/\",\"logo\":{\"@type\":\"ImageObject\",\"inLanguage\":\"en-US\",\"@id\":\"https:\/\/www.vavalabrocante-debarras-paris.fr\/#\/schema\/logo\/image\/\",\"url\":\"https:\/\/www.vavalabrocante-debarras-paris.fr\/wp-content\/uploads\/2023\/12\/logo_vavalabrocante.png\",\"contentUrl\":\"https:\/\/www.vavalabrocante-debarras-paris.fr\/wp-content\/uploads\/2023\/12\/logo_vavalabrocante.png\",\"width\":350,\"height\":70,\"caption\":\"Vava La brocante, Brocanteur, d\u00e9barras Maison Appartement\"},\"image\":{\"@id\":\"https:\/\/www.vavalabrocante-debarras-paris.fr\/#\/schema\/logo\/image\/\"}}]}<\/script>\n<!-- \/ Yoast SEO plugin. -->","yoast_head_json":{"title":"D\u00e9barras Paris 75 - Vava La brocante, Brocanteur, d\u00e9barras Maison Appartement","description":"Brocanteur en Essonne 91.D\u00e9barras Estimation Achat comptant antiquit\u00e9s objets anciens. D\u00e9placement & Devis gratuits 06 60 98 86 82","robots":{"index":"noindex","follow":"follow"},"og_locale":"en_US","og_type":"article","og_title":"D\u00e9barras Paris 75 - Vava La brocante, Brocanteur, d\u00e9barras Maison Appartement","og_description":"Brocanteur en Essonne 91.D\u00e9barras Estimation Achat comptant antiquit\u00e9s objets anciens. D\u00e9placement & Devis gratuits 06 60 98 86 82","og_url":"https:\/\/www.vavalabrocante-debarras-paris.fr\/index.php\/debarras\/service-debarras-vide-maison-en-essonne-91-seine-et-marne-77-hauts-de-seine-92-yvelines-78-val-de-marne-94-paris-75\/","og_site_name":"Vava La brocante, Brocanteur, d\u00e9barras Maison Appartement","article_modified_time":"2023-10-24T08:45:40+00:00","og_image":[{"url":"https:\/\/www.vavalabrocante-debarras-paris.fr\/wp-content\/uploads\/2021\/06\/19-vava-la-brocante-debarras-chateauroux-36-indre-L400-300x182.jpg","type":"","width":"","height":""}],"twitter_card":"summary_large_image","twitter_misc":{"Est. reading time":"3 minutes"},"schema":{"@context":"https:\/\/schema.org","@graph":[{"@type":"WebPage","@id":"https:\/\/www.vavalabrocante-debarras-paris.fr\/index.php\/debarras\/service-debarras-vide-maison-en-essonne-91-seine-et-marne-77-hauts-de-seine-92-yvelines-78-val-de-marne-94-paris-75\/","url":"https:\/\/www.vavalabrocante-debarras-paris.fr\/index.php\/debarras\/service-debarras-vide-maison-en-essonne-91-seine-et-marne-77-hauts-de-seine-92-yvelines-78-val-de-marne-94-paris-75\/","name":"D\u00e9barras Paris 75 - Vava La brocante, Brocanteur, d\u00e9barras Maison Appartement","isPartOf":{"@id":"https:\/\/www.vavalabrocante-debarras-paris.fr\/#website"},"primaryImageOfPage":{"@id":"https:\/\/www.vavalabrocante-debarras-paris.fr\/index.php\/debarras\/service-debarras-vide-maison-en-essonne-91-seine-et-marne-77-hauts-de-seine-92-yvelines-78-val-de-marne-94-paris-75\/#primaryimage"},"image":{"@id":"https:\/\/www.vavalabrocante-debarras-paris.fr\/index.php\/debarras\/service-debarras-vide-maison-en-essonne-91-seine-et-marne-77-hauts-de-seine-92-yvelines-78-val-de-marne-94-paris-75\/#primaryimage"},"thumbnailUrl":"https:\/\/www.vavalabrocante-debarras-paris.fr\/wp-content\/uploads\/2021\/06\/19-vava-la-brocante-debarras-chateauroux-36-indre-L400-300x182.jpg","datePublished":"2021-06-08T11:34:41+00:00","dateModified":"2023-10-24T08:45:40+00:00","description":"Brocanteur en Essonne 91.D\u00e9barras Estimation Achat comptant antiquit\u00e9s objets anciens. D\u00e9placement & Devis gratuits 06 60 98 86 82","breadcrumb":{"@id":"https:\/\/www.vavalabrocante-debarras-paris.fr\/index.php\/debarras\/service-debarras-vide-maison-en-essonne-91-seine-et-marne-77-hauts-de-seine-92-yvelines-78-val-de-marne-94-paris-75\/#breadcrumb"},"inLanguage":"en-US","potentialAction":[{"@type":"ReadAction","target":["https:\/\/www.vavalabrocante-debarras-paris.fr\/index.php\/debarras\/service-debarras-vide-maison-en-essonne-91-seine-et-marne-77-hauts-de-seine-92-yvelines-78-val-de-marne-94-paris-75\/"]}]},{"@type":"ImageObject","inLanguage":"en-US","@id":"https:\/\/www.vavalabrocante-debarras-paris.fr\/index.php\/debarras\/service-debarras-vide-maison-en-essonne-91-seine-et-marne-77-hauts-de-seine-92-yvelines-78-val-de-marne-94-paris-75\/#primaryimage","url":"https:\/\/www.vavalabrocante-debarras-paris.fr\/wp-content\/uploads\/2021\/06\/19-vava-la-brocante-debarras-chateauroux-36-indre-L400.jpg","contentUrl":"https:\/\/www.vavalabrocante-debarras-paris.fr\/wp-content\/uploads\/2021\/06\/19-vava-la-brocante-debarras-chateauroux-36-indre-L400.jpg","width":400,"height":242,"caption":"19-vava-la-brocante-debarras-chateauroux-36-indre-L400"},{"@type":"BreadcrumbList","@id":"https:\/\/www.vavalabrocante-debarras-paris.fr\/index.php\/debarras\/service-debarras-vide-maison-en-essonne-91-seine-et-marne-77-hauts-de-seine-92-yvelines-78-val-de-marne-94-paris-75\/#breadcrumb","itemListElement":[{"@type":"ListItem","position":1,"name":"Accueil","item":"https:\/\/www.vavalabrocante-debarras-paris.fr\/"},{"@type":"ListItem","position":2,"name":"D\u00e9barras","item":"https:\/\/www.vavalabrocante-debarras-paris.fr\/index.php\/debarras\/"},{"@type":"ListItem","position":3,"name":"D\u00e9barras Paris 75"}]},{"@type":"WebSite","@id":"https:\/\/www.vavalabrocante-debarras-paris.fr\/#website","url":"https:\/\/www.vavalabrocante-debarras-paris.fr\/","name":"Vava La brocante, Brocanteur, d\u00e9barras Maison Appartement","description":"Vava La brocante, Brocanteur, d\u00e9barras Maison Appartement","publisher":{"@id":"https:\/\/www.vavalabrocante-debarras-paris.fr\/#organization"},"potentialAction":[{"@type":"SearchAction","target":{"@type":"EntryPoint","urlTemplate":"https:\/\/www.vavalabrocante-debarras-paris.fr\/?s={search_term_string}"},"query-input":{"@type":"PropertyValueSpecification","valueRequired":true,"valueName":"search_term_string"}}],"inLanguage":"en-US"},{"@type":"Organization","@id":"https:\/\/www.vavalabrocante-debarras-paris.fr\/#organization","name":"Vava La brocante, Brocanteur, d\u00e9barras Maison Appartement","url":"https:\/\/www.vavalabrocante-debarras-paris.fr\/","logo":{"@type":"ImageObject","inLanguage":"en-US","@id":"https:\/\/www.vavalabrocante-debarras-paris.fr\/#\/schema\/logo\/image\/","url":"https:\/\/www.vavalabrocante-debarras-paris.fr\/wp-content\/uploads\/2023\/12\/logo_vavalabrocante.png","contentUrl":"https:\/\/www.vavalabrocante-debarras-paris.fr\/wp-content\/uploads\/2023\/12\/logo_vavalabrocante.png","width":350,"height":70,"caption":"Vava La brocante, Brocanteur, d\u00e9barras Maison Appartement"},"image":{"@id":"https:\/\/www.vavalabrocante-debarras-paris.fr\/#\/schema\/logo\/image\/"}}]}},"_links":{"self":[{"href":"https:\/\/www.vavalabrocante-debarras-paris.fr\/index.php\/wp-json\/wp\/v2\/pages\/17","targetHints":{"allow":["GET"]}}],"collection":[{"href":"https:\/\/www.vavalabrocante-debarras-paris.fr\/index.php\/wp-json\/wp\/v2\/pages"}],"about":[{"href":"https:\/\/www.vavalabrocante-debarras-paris.fr\/index.php\/wp-json\/wp\/v2\/types\/page"}],"author":[{"embeddable":true,"href":"https:\/\/www.vavalabrocante-debarras-paris.fr\/index.php\/wp-json\/wp\/v2\/users\/5"}],"replies":[{"embeddable":true,"href":"https:\/\/www.vavalabrocante-debarras-paris.fr\/index.php\/wp-json\/wp\/v2\/comments?post=17"}],"version-history":[{"count":26,"href":"https:\/\/www.vavalabrocante-debarras-paris.fr\/index.php\/wp-json\/wp\/v2\/pages\/17\/revisions"}],"predecessor-version":[{"id":558,"href":"https:\/\/www.vavalabrocante-debarras-paris.fr\/index.php\/wp-json\/wp\/v2\/pages\/17\/revisions\/558"}],"up":[{"embeddable":true,"href":"https:\/\/www.vavalabrocante-debarras-paris.fr\/index.php\/wp-json\/wp\/v2\/pages\/422"}],"wp:attachment":[{"href":"https:\/\/www.vavalabrocante-debarras-paris.fr\/index.php\/wp-json\/wp\/v2\/media?parent=17"}],"curies":[{"name":"wp","href":"https:\/\/api.w.org\/{rel}","templated":true}]}}